{"id":2169,"date":"2021-05-16T22:04:04","date_gmt":"2021-05-16T20:04:04","guid":{"rendered":"https:\/\/vis-hoteli.hr\/?page_id=2169"},"modified":"2024-06-03T12:21:14","modified_gmt":"2024-06-03T10:21:14","slug":"hotel-tamaris","status":"publish","type":"page","link":"https:\/\/vis-hoteli.hr\/it\/hotel-tamaris\/","title":{"rendered":"Hotel Tamaris"},"content":{"rendered":"<div class=\"wpb-content-wrapper\"><p>[vc_row][vc_column width=&#8221;1\/6&#8243;][\/vc_column][vc_column width=&#8221;2\/3&#8243;][vc_images_carousel images=&#8221;2428,2427,2426,2425,2086&#8243; img_size=&#8221;full&#8221; autoplay=&#8221;yes&#8221; hide_pagination_control=&#8221;yes&#8221; wrap=&#8221;yes&#8221;][\/vc_column][vc_column width=&#8221;1\/6&#8243;][\/vc_column][\/vc_row][vc_row][vc_column][vc_column_text]<\/p>\n<h2>HOTEL TAMARIS<\/h2>\n<p>[\/vc_column_text][vc_column_text]L&#8217;HOTEL TAMARIS ** si trova in un affascinante edificio secolare situato sul lungomare, nel cuore della citt\u00e0 di Vis.<\/p>\n<p>Alzarsi al mattino per godersi un caff\u00e8 sotto il cielo azzurro al stridio dei gabbiani e le <em>chi\u00e0cole<\/em> dei abitanti della citt\u00e0 e poi la vista unica sulla baia di Vis e sulla penisola di Prirovo, la ricca offerta dei migliori vini dell\u2019isola, le prelibatezze gastronomiche del ristorante Admiral&#8230; tutto questo fa parte dell&#8217;esperienza indimenticabile degli ospiti dell\u2019Hotel Tamaris.<\/p>\n<p>Il <strong>Caf\u00e9 Bar Tamaris<\/strong> \u00e8 il posto migliore per vivere l\u2019atmosfera speciale della Dalmazia attraverso il canto delle <strong>klape dalmate<\/strong> che nelle calde serate estive cantano in piazza Klapavica. Il canto delle klape \u00e8 un canto polifonico tradizionale non accompagnato<\/p>\n<p><strong>Il ristorante Admiral<\/strong>, situato all&#8217;interno dell&#8217;hotel, delizia con le sue prelibatezze gastronomiche, piatti a base di ingredienti locali, che si combinano perfettamente con la ricca offerta di vini dell\u2019isola di alta qualit\u00e0.<\/p>\n<p>Il ritmo rilassante dell&#8217;estate qui \u00e8 d&#8217;obbligo: il caff\u00e8 al mattino quando il sole \u00e8 ancora tiepido, passeggiate leggere per la parte storica della citt\u00e0, il mare, le spiagge, le uscite la sera con gli amici, i cocktail, la birra artigianale, il finger food e altre prelibatezze.<\/p>\n<p><strong>La vita \u00e8 bella sull\u2019isola di Vis!<\/strong><\/p>\n<p>L&#8217;Hotel Tamaris dispone di 20 camere doppie e due camere familiari o mini suite. Tutte le camere dispongono di aria condizionata, TV satellitare, telefono e doccia\/toilette. La maggior parte delle camere gode di una bellissima vista sul mare.<\/p>\n<p>&nbsp;<\/p>\n<p><strong>I servizi:<\/strong><strong>\u00a0<\/strong><\/p>\n<ul>\n<li>Ristorante dell&#8217;hotel<\/li>\n<\/ul>\n<p>Il ristorante dell&#8217;hotel offre la colazione a buffet e la cena<\/p>\n<ul>\n<li>Caffe bar Tamaris<\/li>\n<li>Ristorante \u00e0 la carte Admiral<\/li>\n<\/ul>\n<p>[\/vc_column_text][\/vc_column][\/vc_row][vc_row][vc_column][vc_empty_space height=&#8221;60px&#8221;][\/vc_column][\/vc_row][vc_row disable_element=&#8221;yes&#8221;][vc_column][vc_custom_heading text=&#8221;INDIVIDUALNI CJENIK USLUGA ZA 2020. GODINU&#8221; font_container=&#8221;tag:h3|text_align:left&#8221; use_theme_fonts=&#8221;yes&#8221;][vc_column_text]<\/p>\n<table class=\"table\">\n<tbody>\n<tr>\n<td><\/td>\n<td>SEZONA I<\/td>\n<td>SEZONA II<\/td>\n<td>SEZONA III<\/td>\n<td>SEZONA IV<\/td>\n<\/tr>\n<tr>\n<td><strong>HOTEL TAMARIS**<\/strong><\/td>\n<td><strong>01.04.-01.05.<\/strong> <strong>26.09-31.10.<\/strong><\/td>\n<td><strong>02.05.-12.06.<\/strong> <strong>05.09.-25.09.<\/strong><\/td>\n<td><strong>13.06.-17.07.<\/strong> <strong>22.08.-04.09<\/strong>.<\/td>\n<td><strong>18.07.-21.08<\/strong>.<\/td>\n<\/tr>\n<tr>\n<td><strong>dvokrevetna soba, BB usluga<\/strong><\/td>\n<td>245,00<\/td>\n<td>310,00<\/td>\n<td>370,00<\/td>\n<td>440,00<\/td>\n<\/tr>\n<tr>\n<td><strong>Jednokrevetna soba, BB usluga<\/strong><\/td>\n<td>315,00<\/td>\n<td>380,00<\/td>\n<td>440,00<\/td>\n<td>510,00<\/td>\n<\/tr>\n<tr>\n<td><strong>Doplata pogled more<\/strong><\/td>\n<td>20,00<\/td>\n<td>20,00<\/td>\n<td>35,00<\/td>\n<td>35,00<\/td>\n<\/tr>\n<tr>\n<td><strong>Doplata za polupansion<\/strong><\/td>\n<td>75,00<\/td>\n<td>75,00<\/td>\n<td>75,00<\/td>\n<td>75,00<\/td>\n<\/tr>\n<tr>\n<td><strong>Popust za tre\u0107i krevet<\/strong><\/td>\n<td>30,00%<\/td>\n<td>30,00%<\/td>\n<td>30,00%<\/td>\n<td>20,00%<\/td>\n<\/tr>\n<tr>\n<td><strong>Popust za dijete 2 &#8211; 11,99 godina s dvije odrasle osobe<\/strong><\/td>\n<td>50,00%<\/td>\n<td>50,00%<\/td>\n<td>50,00%<\/td>\n<td>50,00%<\/td>\n<\/tr>\n<tr>\n<td><strong>Popust za dijete 2 &#8211; 11,99 godina s jednom odraslom osobom<\/strong><\/td>\n<td>30,00%<\/td>\n<td>30,00%<\/td>\n<td>30,00%<\/td>\n<td>30,00%<\/td>\n<\/tr>\n<tr>\n<td><strong>Dje\u010dji kreveti\u0107 (pla\u0107a se na recepciji)<\/strong><\/td>\n<td>40,00<\/td>\n<td>40,00<\/td>\n<td>40,00<\/td>\n<td>40,00<\/td>\n<\/tr>\n<\/tbody>\n<\/table>\n<table class=\"table\">\n<tbody>\n<tr>\n<td><\/td>\n<td><strong>I, II, XII mjesec<\/strong><\/td>\n<td><strong>III, X, XI mjesec<\/strong><\/td>\n<td><strong>IV, V, VI, VII, VIII, IX mjesec<\/strong><\/td>\n<\/tr>\n<tr>\n<td><strong>Boravi\u0161na pristojba<\/strong><\/td>\n<td>7,00<\/td>\n<td>7,00<\/td>\n<td>10,00<\/td>\n<\/tr>\n<\/tbody>\n<\/table>\n<p>[\/vc_column_text][vc_empty_space][vc_column_text]<strong>Cijene su izra\u017eene u HRK po osobi\/po danu. PDV je uklju\u010den u cijenu.<\/strong> <em>Hotel zadr\u017eava pravo izmjene cijena bez prethodne najave<\/em> <em>Predvi\u0111eni rad u 2020. godini je od 01.04.2020.-31.10.2020. Hotel zadr\u017eava pravo promjene uz prethodnu najavu.<\/em>[\/vc_column_text][vc_empty_space][\/vc_column][\/vc_row]<\/p>\n<\/div>","protected":false},"excerpt":{"rendered":"<p>[vc_row][vc_column width=&#8221;1\/6&#8243;][\/vc_column][vc_column width=&#8221;2\/3&#8243;][vc_images_carousel images=&#8221;2428,2427,2426,2425,2086&#8243; img_size=&#8221;full&#8221; autoplay=&#8221;yes&#8221; hide_pagination_control=&#8221;yes&#8221; wrap=&#8221;yes&#8221;][\/vc_column][vc_column width=&#8221;1\/6&#8243;][\/vc_column][\/vc_row][vc_row][vc_column][vc_column_text] HOTEL TAMARIS [\/vc_column_text][vc_column_text]L&#8217;HOTEL TAMARIS ** si trova in un affascinante edificio&#8230;<\/p>\n","protected":false},"author":3,"featured_media":0,"parent":0,"menu_order":0,"comment_status":"closed","ping_status":"closed","template":"","meta":{"footnotes":""},"class_list":["post-2169","page","type-page","status-publish","hentry"],"yoast_head":"<!-- This site is optimized with the Yoast SEO plugin v27.3 - https:\/\/yoast.com\/product\/yoast-seo-wordpress\/ -->\n<title>Hotel Tamaris - Hoteli Vis<\/title>\n<meta name=\"description\" content=\"L&#039;Hotel Tamaris si trova nel centro della citt\u00e0 di Vis, in un edificio in pietra secolare, e accoglie i turisti dal 1972. Dispone di 25 unit\u00e0 abitative.\" \/>\n<meta name=\"robots\" content=\"index, follow, max-snippet:-1, max-image-preview:large, max-video-preview:-1\" \/>\n<link rel=\"canonical\" href=\"https:\/\/vis-hoteli.hr\/it\/hotel-tamaris\/\" \/>\n<meta property=\"og:locale\" content=\"it_IT\" \/>\n<meta property=\"og:type\" content=\"article\" \/>\n<meta property=\"og:title\" content=\"Hotel Tamaris - Hoteli Vis\" \/>\n<meta property=\"og:description\" content=\"L&#039;Hotel Tamaris si trova nel centro della citt\u00e0 di Vis, in un edificio in pietra secolare, e accoglie i turisti dal 1972. Dispone di 25 unit\u00e0 abitative.\" \/>\n<meta property=\"og:url\" content=\"https:\/\/vis-hoteli.hr\/it\/hotel-tamaris\/\" \/>\n<meta property=\"og:site_name\" content=\"Hoteli Vis\" \/>\n<meta property=\"article:modified_time\" content=\"2024-06-03T10:21:14+00:00\" \/>\n<meta name=\"twitter:card\" content=\"summary_large_image\" \/>\n<meta name=\"twitter:label1\" content=\"Tempo di lettura stimato\" \/>\n\t<meta name=\"twitter:data1\" content=\"3 minuti\" \/>\n<script type=\"application\/ld+json\" class=\"yoast-schema-graph\">{\"@context\":\"https:\\\/\\\/schema.org\",\"@graph\":[{\"@type\":\"WebPage\",\"@id\":\"https:\\\/\\\/vis-hoteli.hr\\\/it\\\/hotel-tamaris\\\/\",\"url\":\"https:\\\/\\\/vis-hoteli.hr\\\/it\\\/hotel-tamaris\\\/\",\"name\":\"Hotel Tamaris - Hoteli Vis\",\"isPartOf\":{\"@id\":\"https:\\\/\\\/vis-hoteli.hr\\\/#website\"},\"datePublished\":\"2021-05-16T20:04:04+00:00\",\"dateModified\":\"2024-06-03T10:21:14+00:00\",\"description\":\"L'Hotel Tamaris si trova nel centro della citt\u00e0 di Vis, in un edificio in pietra secolare, e accoglie i turisti dal 1972. Dispone di 25 unit\u00e0 abitative.\",\"breadcrumb\":{\"@id\":\"https:\\\/\\\/vis-hoteli.hr\\\/it\\\/hotel-tamaris\\\/#breadcrumb\"},\"inLanguage\":\"it-IT\",\"potentialAction\":[{\"@type\":\"ReadAction\",\"target\":[\"https:\\\/\\\/vis-hoteli.hr\\\/it\\\/hotel-tamaris\\\/\"]}]},{\"@type\":\"BreadcrumbList\",\"@id\":\"https:\\\/\\\/vis-hoteli.hr\\\/it\\\/hotel-tamaris\\\/#breadcrumb\",\"itemListElement\":[{\"@type\":\"ListItem\",\"position\":1,\"name\":\"Home\",\"item\":\"https:\\\/\\\/vis-hoteli.hr\\\/it\\\/\"},{\"@type\":\"ListItem\",\"position\":2,\"name\":\"Hotel Tamaris\"}]},{\"@type\":\"WebSite\",\"@id\":\"https:\\\/\\\/vis-hoteli.hr\\\/#website\",\"url\":\"https:\\\/\\\/vis-hoteli.hr\\\/\",\"name\":\"Hoteli Vis\",\"description\":\"Hoteli na \u010darobnom Visu\",\"publisher\":{\"@id\":\"https:\\\/\\\/vis-hoteli.hr\\\/#organization\"},\"potentialAction\":[{\"@type\":\"SearchAction\",\"target\":{\"@type\":\"EntryPoint\",\"urlTemplate\":\"https:\\\/\\\/vis-hoteli.hr\\\/?s={search_term_string}\"},\"query-input\":{\"@type\":\"PropertyValueSpecification\",\"valueRequired\":true,\"valueName\":\"search_term_string\"}}],\"inLanguage\":\"it-IT\"},{\"@type\":\"Organization\",\"@id\":\"https:\\\/\\\/vis-hoteli.hr\\\/#organization\",\"name\":\"Hoteli Vis d.d. u ste\u010daju\",\"url\":\"https:\\\/\\\/vis-hoteli.hr\\\/\",\"logo\":{\"@type\":\"ImageObject\",\"inLanguage\":\"it-IT\",\"@id\":\"https:\\\/\\\/vis-hoteli.hr\\\/#\\\/schema\\\/logo\\\/image\\\/\",\"url\":\"https:\\\/\\\/vis-hoteli.hr\\\/wp-content\\\/uploads\\\/2016\\\/11\\\/logotip.jpg\",\"contentUrl\":\"https:\\\/\\\/vis-hoteli.hr\\\/wp-content\\\/uploads\\\/2016\\\/11\\\/logotip.jpg\",\"width\":349,\"height\":568,\"caption\":\"Hoteli Vis d.d. u ste\u010daju\"},\"image\":{\"@id\":\"https:\\\/\\\/vis-hoteli.hr\\\/#\\\/schema\\\/logo\\\/image\\\/\"}}]}<\/script>\n<!-- \/ Yoast SEO plugin. -->","yoast_head_json":{"title":"Hotel Tamaris - Hoteli Vis","description":"L'Hotel Tamaris si trova nel centro della citt\u00e0 di Vis, in un edificio in pietra secolare, e accoglie i turisti dal 1972. Dispone di 25 unit\u00e0 abitative.","robots":{"index":"index","follow":"follow","max-snippet":"max-snippet:-1","max-image-preview":"max-image-preview:large","max-video-preview":"max-video-preview:-1"},"canonical":"https:\/\/vis-hoteli.hr\/it\/hotel-tamaris\/","og_locale":"it_IT","og_type":"article","og_title":"Hotel Tamaris - Hoteli Vis","og_description":"L'Hotel Tamaris si trova nel centro della citt\u00e0 di Vis, in un edificio in pietra secolare, e accoglie i turisti dal 1972. Dispone di 25 unit\u00e0 abitative.","og_url":"https:\/\/vis-hoteli.hr\/it\/hotel-tamaris\/","og_site_name":"Hoteli Vis","article_modified_time":"2024-06-03T10:21:14+00:00","twitter_card":"summary_large_image","twitter_misc":{"Tempo di lettura stimato":"3 minuti"},"schema":{"@context":"https:\/\/schema.org","@graph":[{"@type":"WebPage","@id":"https:\/\/vis-hoteli.hr\/it\/hotel-tamaris\/","url":"https:\/\/vis-hoteli.hr\/it\/hotel-tamaris\/","name":"Hotel Tamaris - Hoteli Vis","isPartOf":{"@id":"https:\/\/vis-hoteli.hr\/#website"},"datePublished":"2021-05-16T20:04:04+00:00","dateModified":"2024-06-03T10:21:14+00:00","description":"L'Hotel Tamaris si trova nel centro della citt\u00e0 di Vis, in un edificio in pietra secolare, e accoglie i turisti dal 1972. Dispone di 25 unit\u00e0 abitative.","breadcrumb":{"@id":"https:\/\/vis-hoteli.hr\/it\/hotel-tamaris\/#breadcrumb"},"inLanguage":"it-IT","potentialAction":[{"@type":"ReadAction","target":["https:\/\/vis-hoteli.hr\/it\/hotel-tamaris\/"]}]},{"@type":"BreadcrumbList","@id":"https:\/\/vis-hoteli.hr\/it\/hotel-tamaris\/#breadcrumb","itemListElement":[{"@type":"ListItem","position":1,"name":"Home","item":"https:\/\/vis-hoteli.hr\/it\/"},{"@type":"ListItem","position":2,"name":"Hotel Tamaris"}]},{"@type":"WebSite","@id":"https:\/\/vis-hoteli.hr\/#website","url":"https:\/\/vis-hoteli.hr\/","name":"Hoteli Vis","description":"Hoteli na \u010darobnom Visu","publisher":{"@id":"https:\/\/vis-hoteli.hr\/#organization"},"potentialAction":[{"@type":"SearchAction","target":{"@type":"EntryPoint","urlTemplate":"https:\/\/vis-hoteli.hr\/?s={search_term_string}"},"query-input":{"@type":"PropertyValueSpecification","valueRequired":true,"valueName":"search_term_string"}}],"inLanguage":"it-IT"},{"@type":"Organization","@id":"https:\/\/vis-hoteli.hr\/#organization","name":"Hoteli Vis d.d. u ste\u010daju","url":"https:\/\/vis-hoteli.hr\/","logo":{"@type":"ImageObject","inLanguage":"it-IT","@id":"https:\/\/vis-hoteli.hr\/#\/schema\/logo\/image\/","url":"https:\/\/vis-hoteli.hr\/wp-content\/uploads\/2016\/11\/logotip.jpg","contentUrl":"https:\/\/vis-hoteli.hr\/wp-content\/uploads\/2016\/11\/logotip.jpg","width":349,"height":568,"caption":"Hoteli Vis d.d. u ste\u010daju"},"image":{"@id":"https:\/\/vis-hoteli.hr\/#\/schema\/logo\/image\/"}}]}},"_links":{"self":[{"href":"https:\/\/vis-hoteli.hr\/it\/wp-json\/wp\/v2\/pages\/2169","targetHints":{"allow":["GET"]}}],"collection":[{"href":"https:\/\/vis-hoteli.hr\/it\/wp-json\/wp\/v2\/pages"}],"about":[{"href":"https:\/\/vis-hoteli.hr\/it\/wp-json\/wp\/v2\/types\/page"}],"author":[{"embeddable":true,"href":"https:\/\/vis-hoteli.hr\/it\/wp-json\/wp\/v2\/users\/3"}],"replies":[{"embeddable":true,"href":"https:\/\/vis-hoteli.hr\/it\/wp-json\/wp\/v2\/comments?post=2169"}],"version-history":[{"count":4,"href":"https:\/\/vis-hoteli.hr\/it\/wp-json\/wp\/v2\/pages\/2169\/revisions"}],"predecessor-version":[{"id":2749,"href":"https:\/\/vis-hoteli.hr\/it\/wp-json\/wp\/v2\/pages\/2169\/revisions\/2749"}],"wp:attachment":[{"href":"https:\/\/vis-hoteli.hr\/it\/wp-json\/wp\/v2\/media?parent=2169"}],"curies":[{"name":"wp","href":"https:\/\/api.w.org\/{rel}","templated":true}]}}