{"id":2163,"date":"2021-05-16T22:02:23","date_gmt":"2021-05-16T20:02:23","guid":{"rendered":"https:\/\/vis-hoteli.hr\/?page_id=2163"},"modified":"2024-10-21T09:10:17","modified_gmt":"2024-10-21T07:10:17","slug":"come-raggiungerci","status":"publish","type":"page","link":"https:\/\/vis-hoteli.hr\/it\/come-raggiungerci\/","title":{"rendered":"Come raggiungerci"},"content":{"rendered":"<div class=\"wpb-content-wrapper\"><p>[vc_row][vc_column][vc_raw_html css=&#8221;&#8221;]JTNDaWZyYW1lJTIwc2FuZGJveCUzRCUyMmFsbG93LXNjcmlwdHMlMjBhbGxvdy1zYW1lLW9yaWdpbiUyMGFsbG93LXBvcHVwcyUyMiUyMHNyYyUzRCUyMmh0dHBzJTNBJTJGJTJGd3d3Lmdvb2dsZS5jb20lMkZtYXBzJTJGZW1iZWQlM0ZwYiUzRCUyMTFtMTglMjExbTEyJTIxMW0zJTIxMWQ2MjUyNzMuODg2MjkxODg1JTIxMmQxNS43NDM2NzM2Njg3Nzc0ODYlMjEzZDQzLjI4MDU0NjEyODkyMTclMjEybTMlMjExZjAlMjEyZjAlMjEzZjAlMjEzbTIlMjExaTEwMjQlMjEyaTc2OCUyMTRmMTMuMSUyMTNtMyUyMTFtMiUyMTFzMHgxMzM1OTdiMTk5MzZjNmM5JTI1M0EweGIyN2NiY2I3MjMyMTNlOTAlMjEyc1ZpcyUyMTVlMCUyMTNtMiUyMTFzZW4lMjEyc2hyJTIxNHYxNjE5MDg1MzAwODcyJTIxNW0yJTIxMXNlbiUyMTJzaHIlMjIlMjB3aWR0aCUzRCUyMjEwMCUyNSUyMiUyMGhlaWdodCUzRCUyMjQ1MCUyMiUyMHN0eWxlJTNEJTIyYm9yZGVyJTNBMCUzQiUyMiUyMGFsbG93ZnVsbHNjcmVlbiUzRCUyMiUyMiUyMGxvYWRpbmclM0QlMjJsYXp5JTIyJTNFJTNDJTJGaWZyYW1lJTNF[\/vc_raw_html][vc_empty_space][\/vc_column][\/vc_row][vc_row disable_element=&#8221;yes&#8221;][vc_column width=&#8221;1\/4&#8243;][\/vc_column][vc_column width=&#8221;1\/2&#8243;][vc_images_carousel images=&#8221;2165,2166&#8243; img_size=&#8221;full&#8221;][\/vc_column][vc_column width=&#8221;1\/4&#8243;][\/vc_column][\/vc_row][vc_row][vc_column][vc_column_text]<\/p>\n<h2>Arrivo in traghetto o catamarano da Split (Spalato)<\/h2>\n<p>Il viaggio in traghetto da Spalato dura 2 ore e 20 minuti.<\/p>\n<p>Catamarano SPLIT \u2013 MILNA (Isola di Bra\u010d) \u2013 HVAR \u2013 VIS e viceversa<br \/>\nIl viaggio in catamarano da Spalato dura 1 ora e 25 minuti, da Milna (Isola di Bra\u010d) a Vis 55 minuti e da Hvar a Vis 50 minuti.<\/p>\n<p>I biglietti si possono acquistare presso le agenzie Jadrolinija prima della partenza. Poich\u00e9 l\u2019orario delle linee di traghetti cambia pi\u00f9 volte durante la stagione, si consiglia di controllare l\u2019orario in anticipo.<\/p>\n<p>Per saperne di pi\u00f9 c\u2019\u00e8 il sito ufficiale di\u00a0<a href=\"https:\/\/www.jadrolinija.hr\/\"><strong>Jadrolinija<\/strong><\/a>.<\/p>\n<p><strong>Punto di vendita Spalato<\/strong><br \/>\nJADROLINIJA Agenzia Spalato<br \/>\nIndirizzo: Gat Sv.Duje bb, 21000 Spalato, Croazia<br \/>\nTelefono: +385 (0)21 33-83-33; +385 (0)21 33-83-04; +385 (0)21 33-83-05<br \/>\nFax: +385 (0)21 33-82-22<br \/>\nEmail:\u00a0<a href=\"mailto:ag.split@jadrolinija.hr\">ag.split@jadrolinija.hr<\/a><\/p>\n<p><strong>Punto di vendita Vis (Lissa)<\/strong><br \/>\nJADROLINIJA Agenzia Vis<br \/>\nIndirizzo: \u0160etali\u0161te stare Isse 2, 21480 grad Vis, Croazia<br \/>\nTelefono: +385 (0)21 71-10-32[\/vc_column_text][vc_empty_space][\/vc_column][\/vc_row][vc_row][vc_column][vc_column_text]<\/p>\n<h2>Arrivo in macchina<\/h2>\n<p>\u00c8 possibile raggiungere l\u2019Isola di Vis in auto con il traghetto\u00a0<a href=\"https:\/\/www.jadrolinija.hr\/\"><strong>Jadrolinija<\/strong><\/a>\u00a0da Spalato. Le linee di traghetti sono attive tutto l\u2019anno.[\/vc_column_text][vc_empty_space][\/vc_column][\/vc_row][vc_row][vc_column][vc_column_text]<\/p>\n<h2>Arrivo in autobus<\/h2>\n<p>Con l\u2019autobus si pu\u00f2 raggiungere la \u00a0<a href=\"https:\/\/www.ak-split.hr\/\">stazione degli autobus di Split (Spalato)<\/a>. Da Spalato c\u2019\u00e8 il traghetto\u00a0<a href=\"https:\/\/www.jadrolinija.hr\/\"><strong>Jadrolinija<\/strong><\/a>\u00a0fino all\u2019isola di Vis. Le linee di traghetti sono attive tutto l\u2019anno.<\/p>\n<p><strong>La stazione degli autobus di Spalato<br \/>\n<\/strong>Indirizzo: Obala kneza Domagoja 12, 21000 Spalato, Croazia<br \/>\nTelefono: +385 (0)21 329-180<br \/>\nEmail:\u00a0<a href=\"mailto:info@ak-split.hr\">info@ak-split.hr<\/a><br \/>\nWeb:\u00a0<a href=\"http:\/\/www.ak-split.hr\/\">www.ak-split.hr<\/a>[\/vc_column_text][vc_empty_space][\/vc_column][\/vc_row][vc_row][vc_column][vc_column_text]<\/p>\n<h2>Arrivo in treno<\/h2>\n<p>Con il treno si pu\u00f2 raggiungere la stazione ferroviariadi Spalato. Da Spalato c\u2019\u00e8 il traghetto\u00a0<a href=\"https:\/\/www.jadrolinija.hr\/\"><strong>Jadrolinija<\/strong><\/a>\u00a0fino all\u2019isola di Vis. Le linee di traghetti sono attive tutto l\u2019anno.<\/p>\n<p><strong>La stazione ferroviaria di Spalato<br \/>\n<\/strong>Indirizzo: Zlodrina poljana 20, 21000 Spalato, Croazia<br \/>\nTelefono: +385 (0)60 333-444<br \/>\nWeb:\u00a0<a href=\"http:\/\/www.hzpp.hr\/\">www.hzpp.hr<\/a>[\/vc_column_text][vc_empty_space][\/vc_column][\/vc_row][vc_row][vc_column][vc_column_text]<\/p>\n<h2>Arrivo in aereo<\/h2>\n<p>Con l\u2019aereo si pu\u00f2 raggiungere\u00a0<a href=\"http:\/\/www.split-airport.hr\/\">l\u2019aeroporto di Split (Spalato)<\/a>. Da Spalato c\u2019\u00e8 il traghetto\u00a0<a href=\"https:\/\/www.jadrolinija.hr\/\"><strong>Jadrolinija<\/strong><\/a>\u00a0fino all\u2019isola di Vis. Le linee di traghetti sono attive tutto l\u2019anno.<\/p>\n<p><strong>L\u2019aeroporto di Spalato<br \/>\n<\/strong>Indirizzo: Ka\u0161telanska cesta 96, p.p. 2, 21000 Spalato, Croazia<br \/>\nTelefono: +385 (0)21 203-555; +385 (0)21 203 171<br \/>\nFaks: +385 (0)21 203-422<br \/>\nEmail:\u00a0<a href=\"mailto:informacije@split-airport.hr\">informacije@split-airport.hr<\/a>;\u00a0<a href=\"mailto:lost.luggage@split-airport.hr\">lost.luggage@split-airport.hr<\/a><br \/>\nWeb:\u00a0<a href=\"http:\/\/www.split-airport.hr\/\">www.split-airport.hr<\/a>[\/vc_column_text][vc_empty_space][\/vc_column][\/vc_row][vc_row][vc_column][vc_column_text]<strong>Linea locale: VIS \u2013 KOMI\u017dA \u2013 VIS<\/strong><\/p>\n<p>L\u2019orario degli autobus sull\u2019Isola di Vis \u00e8 soggetto a cambiamenti stagionali a seconda delle linee di traghetto tra Spalato e Vis. Durante l\u2019alta stagione, il numero di linee di traghetti aumenta, cos\u00ec come il numero di linee di autobus. La citt\u00e0 di Komi\u017ea si trova a 10 chilometri da Vis. Il viaggio dura circa 15 minuti su una strada asfaltata. La stazione degli autobus si trova nel porto dei traghetti a destra della rampa di scarico.<\/p>\n<p>&nbsp;<\/p>\n<p><strong><u>Informazioni<\/u><\/strong>:<\/p>\n<p><a href=\"Pagine%20ufficiali%20dell\u2019Ente%20turistico%20della%20citt\u00e0%20di%20Vis\">Pagine ufficiali dell\u2019Ente turistico della citt\u00e0 di Vis<\/a> (http:\/\/www.tz-vis.hr\/)[\/vc_column_text][vc_empty_space][\/vc_column][\/vc_row]<\/p>\n<\/div>","protected":false},"excerpt":{"rendered":"<p>[vc_row][vc_column][vc_raw_html css=&#8221;&#8221;]JTNDaWZyYW1lJTIwc2FuZGJveCUzRCUyMmFsbG93LXNjcmlwdHMlMjBhbGxvdy1zYW1lLW9yaWdpbiUyMGFsbG93LXBvcHVwcyUyMiUyMHNyYyUzRCUyMmh0dHBzJTNBJTJGJTJGd3d3Lmdvb2dsZS5jb20lMkZtYXBzJTJGZW1iZWQlM0ZwYiUzRCUyMTFtMTglMjExbTEyJTIxMW0zJTIxMWQ2MjUyNzMuODg2MjkxODg1JTIxMmQxNS43NDM2NzM2Njg3Nzc0ODYlMjEzZDQzLjI4MDU0NjEyODkyMTclMjEybTMlMjExZjAlMjEyZjAlMjEzZjAlMjEzbTIlMjExaTEwMjQlMjEyaTc2OCUyMTRmMTMuMSUyMTNtMyUyMTFtMiUyMTFzMHgxMzM1OTdiMTk5MzZjNmM5JTI1M0EweGIyN2NiY2I3MjMyMTNlOTAlMjEyc1ZpcyUyMTVlMCUyMTNtMiUyMTFzZW4lMjEyc2hyJTIxNHYxNjE5MDg1MzAwODcyJTIxNW0yJTIxMXNlbiUyMTJzaHIlMjIlMjB3aWR0aCUzRCUyMjEwMCUyNSUyMiUyMGhlaWdodCUzRCUyMjQ1MCUyMiUyMHN0eWxlJTNEJTIyYm9yZGVyJTNBMCUzQiUyMiUyMGFsbG93ZnVsbHNjcmVlbiUzRCUyMiUyMiUyMGxvYWRpbmclM0QlMjJsYXp5JTIyJTNFJTNDJTJGaWZyYW1lJTNF[\/vc_raw_html][vc_empty_space][\/vc_column][\/vc_row][vc_row disable_element=&#8221;yes&#8221;][vc_column width=&#8221;1\/4&#8243;][\/vc_column][vc_column width=&#8221;1\/2&#8243;][vc_images_carousel images=&#8221;2165,2166&#8243; img_size=&#8221;full&#8221;][\/vc_column][vc_column width=&#8221;1\/4&#8243;][\/vc_column][\/vc_row][vc_row][vc_column][vc_column_text] Arrivo in traghetto o catamarano da Split (Spalato) Il viaggio in traghetto&#8230;<\/p>\n","protected":false},"author":3,"featured_media":0,"parent":0,"menu_order":0,"comment_status":"closed","ping_status":"closed","template":"","meta":{"footnotes":""},"class_list":["post-2163","page","type-page","status-publish","hentry"],"yoast_head":"<!-- This site is optimized with the Yoast SEO plugin v27.3 - https:\/\/yoast.com\/product\/yoast-seo-wordpress\/ -->\n<title>Come raggiungerci - Hoteli Vis<\/title>\n<meta name=\"description\" content=\"Istruzioni su come raggiungerci in barca, aereo, macchina, autobus o treno\" \/>\n<meta name=\"robots\" content=\"index, follow, max-snippet:-1, max-image-preview:large, max-video-preview:-1\" \/>\n<link rel=\"canonical\" href=\"https:\/\/vis-hoteli.hr\/it\/come-raggiungerci\/\" \/>\n<meta property=\"og:locale\" content=\"it_IT\" \/>\n<meta property=\"og:type\" content=\"article\" \/>\n<meta property=\"og:title\" content=\"Come raggiungerci - Hoteli Vis\" \/>\n<meta property=\"og:description\" content=\"Istruzioni su come raggiungerci in barca, aereo, macchina, autobus o treno\" \/>\n<meta property=\"og:url\" content=\"https:\/\/vis-hoteli.hr\/it\/come-raggiungerci\/\" \/>\n<meta property=\"og:site_name\" content=\"Hoteli Vis\" \/>\n<meta property=\"article:modified_time\" content=\"2024-10-21T07:10:17+00:00\" \/>\n<meta name=\"twitter:card\" content=\"summary_large_image\" \/>\n<meta name=\"twitter:label1\" content=\"Tempo di lettura stimato\" \/>\n\t<meta name=\"twitter:data1\" content=\"3 minuti\" \/>\n<script type=\"application\/ld+json\" class=\"yoast-schema-graph\">{\"@context\":\"https:\\\/\\\/schema.org\",\"@graph\":[{\"@type\":\"WebPage\",\"@id\":\"https:\\\/\\\/vis-hoteli.hr\\\/it\\\/come-raggiungerci\\\/\",\"url\":\"https:\\\/\\\/vis-hoteli.hr\\\/it\\\/come-raggiungerci\\\/\",\"name\":\"Come raggiungerci - Hoteli Vis\",\"isPartOf\":{\"@id\":\"https:\\\/\\\/vis-hoteli.hr\\\/#website\"},\"datePublished\":\"2021-05-16T20:02:23+00:00\",\"dateModified\":\"2024-10-21T07:10:17+00:00\",\"description\":\"Istruzioni su come raggiungerci in barca, aereo, macchina, autobus o treno\",\"breadcrumb\":{\"@id\":\"https:\\\/\\\/vis-hoteli.hr\\\/it\\\/come-raggiungerci\\\/#breadcrumb\"},\"inLanguage\":\"it-IT\",\"potentialAction\":[{\"@type\":\"ReadAction\",\"target\":[\"https:\\\/\\\/vis-hoteli.hr\\\/it\\\/come-raggiungerci\\\/\"]}]},{\"@type\":\"BreadcrumbList\",\"@id\":\"https:\\\/\\\/vis-hoteli.hr\\\/it\\\/come-raggiungerci\\\/#breadcrumb\",\"itemListElement\":[{\"@type\":\"ListItem\",\"position\":1,\"name\":\"Home\",\"item\":\"https:\\\/\\\/vis-hoteli.hr\\\/it\\\/\"},{\"@type\":\"ListItem\",\"position\":2,\"name\":\"Come raggiungerci\"}]},{\"@type\":\"WebSite\",\"@id\":\"https:\\\/\\\/vis-hoteli.hr\\\/#website\",\"url\":\"https:\\\/\\\/vis-hoteli.hr\\\/\",\"name\":\"Hoteli Vis\",\"description\":\"Hoteli na \u010darobnom Visu\",\"publisher\":{\"@id\":\"https:\\\/\\\/vis-hoteli.hr\\\/#organization\"},\"potentialAction\":[{\"@type\":\"SearchAction\",\"target\":{\"@type\":\"EntryPoint\",\"urlTemplate\":\"https:\\\/\\\/vis-hoteli.hr\\\/?s={search_term_string}\"},\"query-input\":{\"@type\":\"PropertyValueSpecification\",\"valueRequired\":true,\"valueName\":\"search_term_string\"}}],\"inLanguage\":\"it-IT\"},{\"@type\":\"Organization\",\"@id\":\"https:\\\/\\\/vis-hoteli.hr\\\/#organization\",\"name\":\"Hoteli Vis d.d. u ste\u010daju\",\"url\":\"https:\\\/\\\/vis-hoteli.hr\\\/\",\"logo\":{\"@type\":\"ImageObject\",\"inLanguage\":\"it-IT\",\"@id\":\"https:\\\/\\\/vis-hoteli.hr\\\/#\\\/schema\\\/logo\\\/image\\\/\",\"url\":\"https:\\\/\\\/vis-hoteli.hr\\\/wp-content\\\/uploads\\\/2016\\\/11\\\/logotip.jpg\",\"contentUrl\":\"https:\\\/\\\/vis-hoteli.hr\\\/wp-content\\\/uploads\\\/2016\\\/11\\\/logotip.jpg\",\"width\":349,\"height\":568,\"caption\":\"Hoteli Vis d.d. u ste\u010daju\"},\"image\":{\"@id\":\"https:\\\/\\\/vis-hoteli.hr\\\/#\\\/schema\\\/logo\\\/image\\\/\"}}]}<\/script>\n<!-- \/ Yoast SEO plugin. -->","yoast_head_json":{"title":"Come raggiungerci - Hoteli Vis","description":"Istruzioni su come raggiungerci in barca, aereo, macchina, autobus o treno","robots":{"index":"index","follow":"follow","max-snippet":"max-snippet:-1","max-image-preview":"max-image-preview:large","max-video-preview":"max-video-preview:-1"},"canonical":"https:\/\/vis-hoteli.hr\/it\/come-raggiungerci\/","og_locale":"it_IT","og_type":"article","og_title":"Come raggiungerci - Hoteli Vis","og_description":"Istruzioni su come raggiungerci in barca, aereo, macchina, autobus o treno","og_url":"https:\/\/vis-hoteli.hr\/it\/come-raggiungerci\/","og_site_name":"Hoteli Vis","article_modified_time":"2024-10-21T07:10:17+00:00","twitter_card":"summary_large_image","twitter_misc":{"Tempo di lettura stimato":"3 minuti"},"schema":{"@context":"https:\/\/schema.org","@graph":[{"@type":"WebPage","@id":"https:\/\/vis-hoteli.hr\/it\/come-raggiungerci\/","url":"https:\/\/vis-hoteli.hr\/it\/come-raggiungerci\/","name":"Come raggiungerci - Hoteli Vis","isPartOf":{"@id":"https:\/\/vis-hoteli.hr\/#website"},"datePublished":"2021-05-16T20:02:23+00:00","dateModified":"2024-10-21T07:10:17+00:00","description":"Istruzioni su come raggiungerci in barca, aereo, macchina, autobus o treno","breadcrumb":{"@id":"https:\/\/vis-hoteli.hr\/it\/come-raggiungerci\/#breadcrumb"},"inLanguage":"it-IT","potentialAction":[{"@type":"ReadAction","target":["https:\/\/vis-hoteli.hr\/it\/come-raggiungerci\/"]}]},{"@type":"BreadcrumbList","@id":"https:\/\/vis-hoteli.hr\/it\/come-raggiungerci\/#breadcrumb","itemListElement":[{"@type":"ListItem","position":1,"name":"Home","item":"https:\/\/vis-hoteli.hr\/it\/"},{"@type":"ListItem","position":2,"name":"Come raggiungerci"}]},{"@type":"WebSite","@id":"https:\/\/vis-hoteli.hr\/#website","url":"https:\/\/vis-hoteli.hr\/","name":"Hoteli Vis","description":"Hoteli na \u010darobnom Visu","publisher":{"@id":"https:\/\/vis-hoteli.hr\/#organization"},"potentialAction":[{"@type":"SearchAction","target":{"@type":"EntryPoint","urlTemplate":"https:\/\/vis-hoteli.hr\/?s={search_term_string}"},"query-input":{"@type":"PropertyValueSpecification","valueRequired":true,"valueName":"search_term_string"}}],"inLanguage":"it-IT"},{"@type":"Organization","@id":"https:\/\/vis-hoteli.hr\/#organization","name":"Hoteli Vis d.d. u ste\u010daju","url":"https:\/\/vis-hoteli.hr\/","logo":{"@type":"ImageObject","inLanguage":"it-IT","@id":"https:\/\/vis-hoteli.hr\/#\/schema\/logo\/image\/","url":"https:\/\/vis-hoteli.hr\/wp-content\/uploads\/2016\/11\/logotip.jpg","contentUrl":"https:\/\/vis-hoteli.hr\/wp-content\/uploads\/2016\/11\/logotip.jpg","width":349,"height":568,"caption":"Hoteli Vis d.d. u ste\u010daju"},"image":{"@id":"https:\/\/vis-hoteli.hr\/#\/schema\/logo\/image\/"}}]}},"_links":{"self":[{"href":"https:\/\/vis-hoteli.hr\/it\/wp-json\/wp\/v2\/pages\/2163","targetHints":{"allow":["GET"]}}],"collection":[{"href":"https:\/\/vis-hoteli.hr\/it\/wp-json\/wp\/v2\/pages"}],"about":[{"href":"https:\/\/vis-hoteli.hr\/it\/wp-json\/wp\/v2\/types\/page"}],"author":[{"embeddable":true,"href":"https:\/\/vis-hoteli.hr\/it\/wp-json\/wp\/v2\/users\/3"}],"replies":[{"embeddable":true,"href":"https:\/\/vis-hoteli.hr\/it\/wp-json\/wp\/v2\/comments?post=2163"}],"version-history":[{"count":6,"href":"https:\/\/vis-hoteli.hr\/it\/wp-json\/wp\/v2\/pages\/2163\/revisions"}],"predecessor-version":[{"id":2782,"href":"https:\/\/vis-hoteli.hr\/it\/wp-json\/wp\/v2\/pages\/2163\/revisions\/2782"}],"wp:attachment":[{"href":"https:\/\/vis-hoteli.hr\/it\/wp-json\/wp\/v2\/media?parent=2163"}],"curies":[{"name":"wp","href":"https:\/\/api.w.org\/{rel}","templated":true}]}}