{"id":2133,"date":"2021-05-16T21:33:22","date_gmt":"2021-05-16T19:33:22","guid":{"rendered":"https:\/\/vis-hoteli.hr\/?page_id=2133"},"modified":"2025-04-09T11:04:07","modified_gmt":"2025-04-09T09:04:07","slug":"hotel-issa","status":"publish","type":"page","link":"https:\/\/vis-hoteli.hr\/it\/hotel-issa\/","title":{"rendered":"Hotel Issa"},"content":{"rendered":"<div class=\"wpb-content-wrapper\"><p>[vc_row][vc_column width=&#8221;1\/6&#8243;][\/vc_column][vc_column width=&#8221;2\/3&#8243;][vc_images_carousel images=&#8221;2136,2137,2140,2141,2138,2139,2142,884,881&#8243; img_size=&#8221;full&#8221; autoplay=&#8221;yes&#8221; hide_pagination_control=&#8221;yes&#8221; wrap=&#8221;yes&#8221;][\/vc_column][vc_column width=&#8221;1\/6&#8243;][\/vc_column][\/vc_row][vc_row][vc_column][vc_column_text]<\/p>\n<h2>HOTEL ISSA<\/h2>\n<p>[\/vc_column_text][vc_column_text css=&#8221;&#8221;]L&#8217;HOTEL ISSA ** si trova sulla penisola di Prirovo, a ridosso delle mura dell&#8217;antica citt\u00e0 di Issa. Il centro citt\u00e0 e il porto dei traghetti cos\u00ec come tutti i luoghi interessanti della citt\u00e0 di Vis, sono raggiungibili a piedi dall&#8217;hotel.<\/p>\n<p>Una delle bellissime spiagge dell\u2019Isola di Vis si trova proprio sotto l\u2019hotel. Il ristoro nel mare \u00e8 a portata di mano. La spiaggia di Prirovo \u00e8 una spiaggia di ciottoli ombreggiata da pini e tamerici. Il mare qui \u00e8 particolarmente cristallino e pulito grazie al constante afflusso di acqua di mare fresca che le correnti apportano dal mare aperto.<\/p>\n<p>Il Lounge bar dell\u2019hotel ISSA \u00e8 il luogo ideale per rilassarsi dopo una giornata a passeggiare per la citt\u00e0 o in spiaggia. L\u2019ottima offerta di vini locali e birre artigianali delizier\u00e0 tutti gli appassionati della produzione locale. Per completare il tutto, da provare assolutamente la focaccia salata do Vis (Vi\u0161ka poga\u010da), i dolci tradizionali come i cviti e le hro\u0161tule che si preparano per tutte le feste sull&#8217;isola di Vis.<\/p>\n<p>La terrazza esterna nascosta tra i pini \u00e8 il rifugio perfetto per godersi il caff\u00e8 mattutino, o per trascorrere in famiglia o con gli amici le spensierate serate estive.<\/p>\n<p>L&#8217;Hotel Issa offre 128 camere doppie confortevoli con vista sul mare o sul parco. Tutte le camere dispongono di balcone, TV satellitare, telefono, doccia\/ toilette e asciugacapelli. La maggior parte delle camere \u00e8 dotata di aria condizionata.<\/p>\n<p>&nbsp;<\/p>\n<p><strong>I servizi:<\/strong><strong>\u00a0<\/strong><\/p>\n<ul>\n<li>Ristorante dell&#8217;hotel<\/li>\n<\/ul>\n<p>Il ristorante offre la colazione e la cena a buffet con una ricca selezione di piatti vegetariani.<\/p>\n<ul>\n<li>Lounge bar<\/li>\n<li>Sala riunioni per un massimo di 50 persone<\/li>\n<li>Parcheggio gratuito<\/li>\n<li>Wi-fi gratuito nelle aree comuni<\/li>\n<li>Campo di mini golf<\/li>\n<li>Servizio cassaforte alla reception<\/li>\n<\/ul>\n<p>[\/vc_column_text][\/vc_column][\/vc_row][vc_row][vc_column][vc_empty_space][\/vc_column][\/vc_row][vc_row full_width=&#8221;stretch_row&#8221; css=&#8221;.vc_custom_1480618286631{background-color: #ffffff !important;}&#8221;][vc_column][vc_row_inner][vc_column_inner width=&#8221;1\/2&#8243;][vc_single_image image=&#8221;2151&#8243; img_size=&#8221;full&#8221; alignment=&#8221;center&#8221; onclick=&#8221;custom_link&#8221; link=&#8221;\/it\/hotel-issa\/camera-doppia-climatizzata-con-vista-sul-mare\/&#8221;][vc_custom_heading text=&#8221;CAMERA DOPPIA climatizzata con vista sul mare&#8221; font_container=&#8221;tag:h3|font_size:18px|text_align:center&#8221; use_theme_fonts=&#8221;yes&#8221;][\/vc_column_inner][vc_column_inner width=&#8221;1\/2&#8243;][vc_single_image image=&#8221;1092&#8243; img_size=&#8221;full&#8221; alignment=&#8221;center&#8221; onclick=&#8221;custom_link&#8221; link=&#8221;\/it\/hotel-issa\/camera-doppia-climatizzata-con-vista-sul-parco\/&#8221;][vc_custom_heading text=&#8221;CAMERA DOPPIA climatizzata con vista sul parco&#8221; font_container=&#8221;tag:h3|font_size:18px|text_align:center&#8221; use_theme_fonts=&#8221;yes&#8221;][\/vc_column_inner][\/vc_row_inner][vc_empty_space height=&#8221;40px&#8221;][\/vc_column][\/vc_row]<\/p>\n<\/div>","protected":false},"excerpt":{"rendered":"<p>[vc_row][vc_column width=&#8221;1\/6&#8243;][\/vc_column][vc_column width=&#8221;2\/3&#8243;][vc_images_carousel images=&#8221;2136,2137,2140,2141,2138,2139,2142,884,881&#8243; img_size=&#8221;full&#8221; autoplay=&#8221;yes&#8221; hide_pagination_control=&#8221;yes&#8221; wrap=&#8221;yes&#8221;][\/vc_column][vc_column width=&#8221;1\/6&#8243;][\/vc_column][\/vc_row][vc_row][vc_column][vc_column_text] HOTEL ISSA [\/vc_column_text][vc_column_text css=&#8221;&#8221;]L&#8217;HOTEL ISSA ** si trova sulla penisola di&#8230;<\/p>\n","protected":false},"author":3,"featured_media":0,"parent":0,"menu_order":0,"comment_status":"closed","ping_status":"closed","template":"","meta":{"footnotes":""},"class_list":["post-2133","page","type-page","status-publish","hentry"],"yoast_head":"<!-- This site is optimized with the Yoast SEO plugin v27.3 - https:\/\/yoast.com\/product\/yoast-seo-wordpress\/ -->\n<title>Hotel Issa - Hoteli Vis<\/title>\n<meta name=\"description\" content=\"L&#039;Hotel Issa si trova fuori dal paese, in una zona appartata, a 10 minuti a piedi dal porto dei traghetti. L&#039;hotel dispone di 128 alloggi.\" \/>\n<meta name=\"robots\" content=\"index, follow, max-snippet:-1, max-image-preview:large, max-video-preview:-1\" \/>\n<link rel=\"canonical\" href=\"https:\/\/vis-hoteli.hr\/it\/hotel-issa\/\" \/>\n<meta property=\"og:locale\" content=\"it_IT\" \/>\n<meta property=\"og:type\" content=\"article\" \/>\n<meta property=\"og:title\" content=\"Hotel Issa - Hoteli Vis\" \/>\n<meta property=\"og:description\" content=\"L&#039;Hotel Issa si trova fuori dal paese, in una zona appartata, a 10 minuti a piedi dal porto dei traghetti. L&#039;hotel dispone di 128 alloggi.\" \/>\n<meta property=\"og:url\" content=\"https:\/\/vis-hoteli.hr\/it\/hotel-issa\/\" \/>\n<meta property=\"og:site_name\" content=\"Hoteli Vis\" \/>\n<meta property=\"article:modified_time\" content=\"2025-04-09T09:04:07+00:00\" \/>\n<meta name=\"twitter:card\" content=\"summary_large_image\" \/>\n<meta name=\"twitter:label1\" content=\"Tempo di lettura stimato\" \/>\n\t<meta name=\"twitter:data1\" content=\"2 minuti\" \/>\n<script type=\"application\/ld+json\" class=\"yoast-schema-graph\">{\"@context\":\"https:\\\/\\\/schema.org\",\"@graph\":[{\"@type\":\"WebPage\",\"@id\":\"https:\\\/\\\/vis-hoteli.hr\\\/it\\\/hotel-issa\\\/\",\"url\":\"https:\\\/\\\/vis-hoteli.hr\\\/it\\\/hotel-issa\\\/\",\"name\":\"Hotel Issa - Hoteli Vis\",\"isPartOf\":{\"@id\":\"https:\\\/\\\/vis-hoteli.hr\\\/#website\"},\"datePublished\":\"2021-05-16T19:33:22+00:00\",\"dateModified\":\"2025-04-09T09:04:07+00:00\",\"description\":\"L'Hotel Issa si trova fuori dal paese, in una zona appartata, a 10 minuti a piedi dal porto dei traghetti. L'hotel dispone di 128 alloggi.\",\"breadcrumb\":{\"@id\":\"https:\\\/\\\/vis-hoteli.hr\\\/it\\\/hotel-issa\\\/#breadcrumb\"},\"inLanguage\":\"it-IT\",\"potentialAction\":[{\"@type\":\"ReadAction\",\"target\":[\"https:\\\/\\\/vis-hoteli.hr\\\/it\\\/hotel-issa\\\/\"]}]},{\"@type\":\"BreadcrumbList\",\"@id\":\"https:\\\/\\\/vis-hoteli.hr\\\/it\\\/hotel-issa\\\/#breadcrumb\",\"itemListElement\":[{\"@type\":\"ListItem\",\"position\":1,\"name\":\"Home\",\"item\":\"https:\\\/\\\/vis-hoteli.hr\\\/it\\\/\"},{\"@type\":\"ListItem\",\"position\":2,\"name\":\"Hotel Issa\"}]},{\"@type\":\"WebSite\",\"@id\":\"https:\\\/\\\/vis-hoteli.hr\\\/#website\",\"url\":\"https:\\\/\\\/vis-hoteli.hr\\\/\",\"name\":\"Hoteli Vis\",\"description\":\"Hoteli na \u010darobnom Visu\",\"publisher\":{\"@id\":\"https:\\\/\\\/vis-hoteli.hr\\\/#organization\"},\"potentialAction\":[{\"@type\":\"SearchAction\",\"target\":{\"@type\":\"EntryPoint\",\"urlTemplate\":\"https:\\\/\\\/vis-hoteli.hr\\\/?s={search_term_string}\"},\"query-input\":{\"@type\":\"PropertyValueSpecification\",\"valueRequired\":true,\"valueName\":\"search_term_string\"}}],\"inLanguage\":\"it-IT\"},{\"@type\":\"Organization\",\"@id\":\"https:\\\/\\\/vis-hoteli.hr\\\/#organization\",\"name\":\"Hoteli Vis d.d. u ste\u010daju\",\"url\":\"https:\\\/\\\/vis-hoteli.hr\\\/\",\"logo\":{\"@type\":\"ImageObject\",\"inLanguage\":\"it-IT\",\"@id\":\"https:\\\/\\\/vis-hoteli.hr\\\/#\\\/schema\\\/logo\\\/image\\\/\",\"url\":\"https:\\\/\\\/vis-hoteli.hr\\\/wp-content\\\/uploads\\\/2016\\\/11\\\/logotip.jpg\",\"contentUrl\":\"https:\\\/\\\/vis-hoteli.hr\\\/wp-content\\\/uploads\\\/2016\\\/11\\\/logotip.jpg\",\"width\":349,\"height\":568,\"caption\":\"Hoteli Vis d.d. u ste\u010daju\"},\"image\":{\"@id\":\"https:\\\/\\\/vis-hoteli.hr\\\/#\\\/schema\\\/logo\\\/image\\\/\"}}]}<\/script>\n<!-- \/ Yoast SEO plugin. -->","yoast_head_json":{"title":"Hotel Issa - Hoteli Vis","description":"L'Hotel Issa si trova fuori dal paese, in una zona appartata, a 10 minuti a piedi dal porto dei traghetti. L'hotel dispone di 128 alloggi.","robots":{"index":"index","follow":"follow","max-snippet":"max-snippet:-1","max-image-preview":"max-image-preview:large","max-video-preview":"max-video-preview:-1"},"canonical":"https:\/\/vis-hoteli.hr\/it\/hotel-issa\/","og_locale":"it_IT","og_type":"article","og_title":"Hotel Issa - Hoteli Vis","og_description":"L'Hotel Issa si trova fuori dal paese, in una zona appartata, a 10 minuti a piedi dal porto dei traghetti. L'hotel dispone di 128 alloggi.","og_url":"https:\/\/vis-hoteli.hr\/it\/hotel-issa\/","og_site_name":"Hoteli Vis","article_modified_time":"2025-04-09T09:04:07+00:00","twitter_card":"summary_large_image","twitter_misc":{"Tempo di lettura stimato":"2 minuti"},"schema":{"@context":"https:\/\/schema.org","@graph":[{"@type":"WebPage","@id":"https:\/\/vis-hoteli.hr\/it\/hotel-issa\/","url":"https:\/\/vis-hoteli.hr\/it\/hotel-issa\/","name":"Hotel Issa - Hoteli Vis","isPartOf":{"@id":"https:\/\/vis-hoteli.hr\/#website"},"datePublished":"2021-05-16T19:33:22+00:00","dateModified":"2025-04-09T09:04:07+00:00","description":"L'Hotel Issa si trova fuori dal paese, in una zona appartata, a 10 minuti a piedi dal porto dei traghetti. L'hotel dispone di 128 alloggi.","breadcrumb":{"@id":"https:\/\/vis-hoteli.hr\/it\/hotel-issa\/#breadcrumb"},"inLanguage":"it-IT","potentialAction":[{"@type":"ReadAction","target":["https:\/\/vis-hoteli.hr\/it\/hotel-issa\/"]}]},{"@type":"BreadcrumbList","@id":"https:\/\/vis-hoteli.hr\/it\/hotel-issa\/#breadcrumb","itemListElement":[{"@type":"ListItem","position":1,"name":"Home","item":"https:\/\/vis-hoteli.hr\/it\/"},{"@type":"ListItem","position":2,"name":"Hotel Issa"}]},{"@type":"WebSite","@id":"https:\/\/vis-hoteli.hr\/#website","url":"https:\/\/vis-hoteli.hr\/","name":"Hoteli Vis","description":"Hoteli na \u010darobnom Visu","publisher":{"@id":"https:\/\/vis-hoteli.hr\/#organization"},"potentialAction":[{"@type":"SearchAction","target":{"@type":"EntryPoint","urlTemplate":"https:\/\/vis-hoteli.hr\/?s={search_term_string}"},"query-input":{"@type":"PropertyValueSpecification","valueRequired":true,"valueName":"search_term_string"}}],"inLanguage":"it-IT"},{"@type":"Organization","@id":"https:\/\/vis-hoteli.hr\/#organization","name":"Hoteli Vis d.d. u ste\u010daju","url":"https:\/\/vis-hoteli.hr\/","logo":{"@type":"ImageObject","inLanguage":"it-IT","@id":"https:\/\/vis-hoteli.hr\/#\/schema\/logo\/image\/","url":"https:\/\/vis-hoteli.hr\/wp-content\/uploads\/2016\/11\/logotip.jpg","contentUrl":"https:\/\/vis-hoteli.hr\/wp-content\/uploads\/2016\/11\/logotip.jpg","width":349,"height":568,"caption":"Hoteli Vis d.d. u ste\u010daju"},"image":{"@id":"https:\/\/vis-hoteli.hr\/#\/schema\/logo\/image\/"}}]}},"_links":{"self":[{"href":"https:\/\/vis-hoteli.hr\/it\/wp-json\/wp\/v2\/pages\/2133","targetHints":{"allow":["GET"]}}],"collection":[{"href":"https:\/\/vis-hoteli.hr\/it\/wp-json\/wp\/v2\/pages"}],"about":[{"href":"https:\/\/vis-hoteli.hr\/it\/wp-json\/wp\/v2\/types\/page"}],"author":[{"embeddable":true,"href":"https:\/\/vis-hoteli.hr\/it\/wp-json\/wp\/v2\/users\/3"}],"replies":[{"embeddable":true,"href":"https:\/\/vis-hoteli.hr\/it\/wp-json\/wp\/v2\/comments?post=2133"}],"version-history":[{"count":13,"href":"https:\/\/vis-hoteli.hr\/it\/wp-json\/wp\/v2\/pages\/2133\/revisions"}],"predecessor-version":[{"id":2808,"href":"https:\/\/vis-hoteli.hr\/it\/wp-json\/wp\/v2\/pages\/2133\/revisions\/2808"}],"wp:attachment":[{"href":"https:\/\/vis-hoteli.hr\/it\/wp-json\/wp\/v2\/media?parent=2133"}],"curies":[{"name":"wp","href":"https:\/\/api.w.org\/{rel}","templated":true}]}}