{"id":2118,"date":"2021-05-16T20:54:16","date_gmt":"2021-05-16T18:54:16","guid":{"rendered":"https:\/\/vis-hoteli.hr\/?page_id=2118"},"modified":"2024-06-03T12:13:03","modified_gmt":"2024-06-03T10:13:03","slug":"la-citta-di-vis","status":"publish","type":"page","link":"https:\/\/vis-hoteli.hr\/it\/la-citta-di-vis\/","title":{"rendered":"La citt\u00e0 di Vis"},"content":{"rendered":"<div class=\"wpb-content-wrapper\"><p>[vc_row][vc_column width=&#8221;1\/6&#8243;][\/vc_column][vc_column width=&#8221;2\/3&#8243;][vc_images_carousel images=&#8221;2251,2248,2242,2254,2245,882,1123,2079&#8243; img_size=&#8221;full&#8221;][vc_empty_space][\/vc_column][vc_column width=&#8221;1\/6&#8243;][\/vc_column][\/vc_row][vc_row][vc_column][vc_column_text]L&#8217;affascinante citt\u00e0 costiera di Vis giace nell\u2019ampia baia naturalmente protetta di San Giorgio (Sveti Juraj), di fronte all&#8217;isola di Hvar e alla terraferma. Il porto di Vis, protetto dall&#8217;isolotto di Host e dalla penisola di Prirovo dall&#8217;influenza del mare aperto, \u00e8 un prezioso rifugio per i diportisti che, una volta approdati e sopraffatti dal fascino della citt\u00e0, ci ritornano sempre.<\/p>\n<p>L&#8217;area della citt\u00e0 di Vis comprende anche la frastagliata costa meridionale e sudorientale dell&#8217;isola di Vis con le sue incantevoli baie, cale e calette (Milna, Rukavac, Srebrna, Stiniva, Ston\u010dica, Ruda, ecc.) e gli isolotti di Budikovac e Ravnik. I villaggi della parte orientale dell&#8217;isola (Podstra\u017eje, Podselje, Plisko Polje e Marine Zemlje) gravitano anch\u2019essi verso la citt\u00e0.<\/p>\n<p>La citt\u00e0 di Vis \u00e8 nata unendo gli antichi insediamenti di Kut e Luka. La chiesa parrocchiale, e in seguito la scuola, fu costruita tra di loro per un migliore collegamento. Alte colline separano la citt\u00e0 dai fertili campi nell&#8217;entroterra dell&#8217;isola dove si coltiva principalmente la vite. La viticoltura qui \u00e8 un\u2019arte che con amore e pazienza da anni regala ottimi frutti, i vini pregiati di Vis.<\/p>\n<p>Erano proprio questi vini che hanno reso famosa l\u2019isola di Vis nei tempi antichi. I Greci che colonizzarono l&#8217;isola fondandovi la citt\u00e0 d\u2019Issa nel IV secolo aC, furono i primi a piantare le viti, produrre vino e gustare il frutto del loro lavoro.<\/p>\n<p>Vis \u00e8 quindi anche considerato il pi\u00f9 antico insediamento urbano della Croazia.<\/p>\n<p>Nel corso della storia, Vis ha cambiato stati e governanti. Dalla seconda guerra mondiale, l&#8217;intera isola \u00e8 diventata una zona militare. Il turismo ha iniziato a svilupparsi solo vent&#8217;anni fa, quando l&#8217;esercito ha finalmente lasciato l&#8217;isola.<\/p>\n<p>Un numero significativo della popolazione \u00e8 emigrato verso altri paesi in cerca di una vita migliore, tanto che oggi la citt\u00e0 di Vis conta circa 2000 abitanti.<\/p>\n<p>\u00c8 una piccola comunit\u00e0 che si sforza di mantenere il fascino mediterraneo della citt\u00e0, le bellezze della natura e i monumenti storici nonch\u00e9 una vita a misura d\u2019uomo, senza stress e caos quotidiani.[\/vc_column_text][\/vc_column][\/vc_row][vc_row][vc_column width=&#8221;1\/6&#8243;][\/vc_column][vc_column width=&#8221;2\/3&#8243;][vc_empty_space][vc_images_carousel images=&#8221;2123,2124&#8243; img_size=&#8221;full&#8221;][\/vc_column][vc_column width=&#8221;1\/6&#8243;][\/vc_column][\/vc_row][vc_row][vc_column][vc_column_text]<strong>Dove andare e cosa vedere<\/strong><\/p>\n<p>La storia della citt\u00e0 di Vis \u00e8 ricca di storia e monumenti da diversi periodi storici che hanno lasciato qui un segno indiscusso. Chi ama esplorare i meandri delle vicende storiche attraverso musei, fortezze e palazzi e immaginare la vita com&#8217;era una volta visitando i resti archeologici, da non perdere sono i seguenti siti:<\/p>\n<ul>\n<li>Il Museo Archeologico della citt\u00e0 di Vis<\/li>\n<\/ul>\n<p>Il museo si trova nella fortezza di Batarija, costruita dall&#8217;Austria all&#8217;inizio del XIX secolo. Di grande interesse \u00e8 la collezione di anfore impilate in modo univoco nel modo in cui erano impilate nel ponte inferiore della nave. Il museo espone una collezione di monumenti e oggetti ellenistici e della preistoria. Nella parte etnografica \u00e8 possibile vedere reperti legati alla vita degli abitanti dell\u2019isola di Vis.<\/p>\n<p>Un posto speciale nel museo occupa il pi\u00f9 bell&#8217;esempio di arte antica di Vis, la testa in bronzo della dea Artemide.<\/p>\n<ul>\n<li>I resti dell&#8217;antico insediamento greco di Issa, fondato nel IV secolo a.C. (terme, necropoli, teatro e parti del porto)<\/li>\n<\/ul>\n<p>I resti di Issa attendono gli amanti della storia sulla collina Gradina vicino alla citt\u00e0 di Vis e nel Parco Archeologico di Martvilo. Vale anche la pena visitare il monastero del XVI secolo nella penisola di Prirovo, costruito sui resti di un antico teatro.<\/p>\n<p>Informazioni pi\u00f9 dettagliate possono essere ottenute presso il Museo Archeologico della citt\u00e0.<\/p>\n<ul>\n<li>ville e palazzi estivi dei nobili dell\u2019isola di Hvar e di Vis (Hektorovi\u0107, Jak\u0161a, Gariboldi, Dojmi Delupis)<\/li>\n<\/ul>\n<p>Nella citt\u00e0 di Vis, molte ville estive e palazzi sono stati costruiti nel corso della storia. Una passeggiata tra i palazzi di Jakin e quelo del poeta Petar Hektorovi\u0107, passare vicino alla casa di nascita di uno dei pi\u00f9 grandi scrittori croati Ranko Marinkovi\u0107 o amirare il palazzo di Gariboldi non lascer\u00e0 nessuno indifferente.<\/p>\n<ul>\n<li>fortificazioni di varie epoche storiche<\/li>\n<\/ul>\n<p>Fort George, conosciuta con il nome di Fortica, \u00e8 la pi\u00f9 grande fortezza situata all&#8217;ingresso occidentale del porto di Vis. Fu costruita dalla Royal Navy britannica nel 1813 come parte della sua campagna sull&#8217;Adriatico.<\/p>\n<p>Oltre al momento storico dal quale la fortezza prende il suo fascino, durante le giornate estive vengono organizzati concerti e feste. Grazie al panorama fiabesco che si estende al porto di Vis e alle isole vicine, molti decidono di dire il loro fatidico &#8220;s\u00ec&#8221; nel giardino paesaggistico di questo edificio.<\/p>\n<p>Da visitare anche la Torre Perast, i forti Bentich, Robertson e Wellington e la gi\u00e0 citata Fortezza Batarija, che ospita il Museo Archeologico di Vis.<\/p>\n<p>Dell&#8217;architettura sacra si distinguono per importanza e simbolizmo la chiesa preromanica di S. George, che \u00e8 anche il santo patrono della citt\u00e0 di Vis, e la chiesa di S. Maria a Podselje dove gli isolani fanno pellegrinaggio per la festa dell&#8217;Assunta.<\/p>\n<p>La citt\u00e0 di Vis offre ai suoi visitatori molte attivit\u00e0 sportive. Si pu\u00f2 sciegliere tra il club attivo di vela o quelo di parapendio che si trovano in citt\u00e0 e il club di cricket a Plisko Polje.<\/p>\n<p>L&#8217;offerta gastronomica della citt\u00e0 nasce dalla tradizione, originariamente composto dalle specialit\u00e0 locali. I nomadi gastronomici troveranno una mecca interessante nei ristoranti e nelle taverne della citt\u00e0, ma anche nei suoi dintorni, che richiedono un\u2019esplorazione attenta e continua.<\/p>\n<p>Per tutti coloro che amano gli eventi culturali, la musica e gli spettacoli, a Vis ci sono manifestazioni varie durante tutto l&#8217;anno. Passate un capodanno interessante all&#8217;aria aperta, trasformatevi in qualcun\u2019altro a febbraio durante le feste in maschera, visitate il Festival internazionale dei teatri amatoriali in primavera o la famosa regata di Vis in ottobre. Durante l&#8217;estate vengono organizzati vari concerti, spettacoli teatrali ed eventi culturali sotto il nome di \u201cEstate culturale di Vis\u201d.<\/p>\n<p>&nbsp;<\/p>\n<p><strong>Spiagge, calette e baie<\/strong><\/p>\n<p>La costa dell&#8217;isola di Vis \u00e8 molto docile e per questo che le sue bellissime spiagge sono accessibili a tutti coloro che amano prendere il sole sotto un limpido celo estivo e nuotare nel mare pulito e cristallino.<\/p>\n<p>Nella citt\u00e0 di Vis e nei suoi immediati dintorni si potrebbero individuare diverse spiagge mozzafiato. Anche se, guardando l&#8217;intera isola, la scelta \u00e8 ampia e varia.<\/p>\n<p>La spiaggia Prirovo<\/p>\n<p>La spiaggia pi\u00f9 popolare della citt\u00e0 \u00e8 la spiaggia di Prirovo. La spiaggia si estende lungo la passeggiata sulla costa settentrionale della penisola di Prirovo, che si trova nel porto della citt\u00e0 di Vis.<\/p>\n<p>La spiaggia di Prirovo \u00e8 una spiaggia di ciottoli, lunga circa 100 metri e situata vicino all\u2019albergo Issa. \u00c8 adornata da alberi di tamerici che in estate offrono una piacevole ombra. Per gli sportivi ci sono i campi sportivi, e per il riposo e ristoro bar e ristoranti.<\/p>\n<p>Il mare \u00e8 cristallino e pulito grazie alle correnti marine che assicurano un costante afflusso di acqua di mare fresca dal mare aperto. Le immersioni sono un&#8217;attivit\u00e0 particolarmente interessante per tutti gli avventurieri che vogliono esplorare i resti del porto medievale che sono ancora visibili.<\/p>\n<p>La spiaggia Grandovac<\/p>\n<p>La spiaggia di Grandovac si trova nella baia di San Giorgio, nella parte orientale della baia di Vis. Questa bellissima spiaggia di ciottoli \u00e8 lunga circa 60 metri e si trova in un ambiente naturale da favola. Il mare qui \u00e8 cristallino e gli alberi di tamerici e pini danno ai bagnanti l&#8217;ombra necessaria per nascondersi dal sole d\u2019estate. La vita sottomarina prospera e delizia ogni subacqueo che vi si tuffa.<\/p>\n<p>Sopra la spiaggia si trova un piccolo bar dove si pu\u00f2 trovare ristoro in bevande fredde, godendo di un\u2019atmosfera rilassata.<\/p>\n<p>La sera si tengono concerti e vari interessanti eventi culturali e artistici. Il ballo e il divertimento sono il leitmotiv notturno di questa spiaggia.<\/p>\n<p>La spiaggia Punta od Biskupa<\/p>\n<p>Questa spiaggia si estende lungo la costa dalla baia di Stonca all&#8217;isola di Host ed \u00e8 lunga circa 1 chilometro. Ognuno trover\u00e0 facilmente il suo posto ideale su di essa. \u00c8 facilmente accessibile tramite strada di macadam lungo la costa.<\/p>\n<p>La spiaggia \u00e8 adornata da una lussureggiante vita sottomarina con prati di Posidonia che sono un rifugio per molti pesci e altre specie marine.<\/p>\n<p>La spiaggia Stonca<\/p>\n<p>La spiaggia Stonca \u00e8 una piccola spiaggia di ciottoli situata nella baia omonima, sul lato ovest della baia di Vis. Sopra di essa gli alberi sempreverde di pino offrono una piacevole ombra nelle calde giornate estive. La spiaggia \u00e8 a portata di mano dell\u2019hotel Issa.<\/p>\n<p>La spiaggia Vela Svitnja<\/p>\n<p>Vela Svitnja \u00e8 una piccola baia con la costa rocciosa e lastre di pietra ideali per prendere il sole e divertirsi. Si trova sul lato opposto della Fortezza Fortica ed \u00e8 raggiungibile passeggiando in mezzo alla natura.<\/p>\n<p>Questa bellissima spiaggia \u00e8 per lo pi\u00f9 naturista. I sub qui godono dell&#8217;interessante mondo sottomarino, che \u00e8 uno dei pi\u00f9 importanti reperti idro-archeologici dell&#8217;isola di Vis, una collezione di 634 anfore del I secolo a.C. che sono esposte oggi nel Museo Archeologico di Vis.[\/vc_column_text][\/vc_column][\/vc_row]<\/p>\n<\/div>","protected":false},"excerpt":{"rendered":"<p>[vc_row][vc_column width=&#8221;1\/6&#8243;][\/vc_column][vc_column width=&#8221;2\/3&#8243;][vc_images_carousel images=&#8221;2251,2248,2242,2254,2245,882,1123,2079&#8243; img_size=&#8221;full&#8221;][vc_empty_space][\/vc_column][vc_column width=&#8221;1\/6&#8243;][\/vc_column][\/vc_row][vc_row][vc_column][vc_column_text]L&#8217;affascinante citt\u00e0 costiera di Vis giace nell\u2019ampia baia naturalmente protetta di San Giorgio (Sveti Juraj),&#8230;<\/p>\n","protected":false},"author":3,"featured_media":0,"parent":0,"menu_order":0,"comment_status":"closed","ping_status":"closed","template":"","meta":{"footnotes":""},"class_list":["post-2118","page","type-page","status-publish","hentry"],"yoast_head":"<!-- This site is optimized with the Yoast SEO plugin v27.3 - https:\/\/yoast.com\/product\/yoast-seo-wordpress\/ -->\n<title>La citt\u00e0 di Vis - Hoteli Vis<\/title>\n<meta name=\"description\" content=\"L\u2019affascinante citt\u00e0 costiera di Vis giace nell\u2019ampia baia naturalmente protetta di San Giorgio (Sveti Juraj), di fronte all\u2019isola di Hvar e alla terraferma.\" \/>\n<meta name=\"robots\" content=\"index, follow, max-snippet:-1, max-image-preview:large, max-video-preview:-1\" \/>\n<link rel=\"canonical\" href=\"https:\/\/vis-hoteli.hr\/it\/la-citta-di-vis\/\" \/>\n<meta property=\"og:locale\" content=\"it_IT\" \/>\n<meta property=\"og:type\" content=\"article\" \/>\n<meta property=\"og:title\" content=\"La citt\u00e0 di Vis - Hoteli Vis\" \/>\n<meta property=\"og:description\" content=\"L\u2019affascinante citt\u00e0 costiera di Vis giace nell\u2019ampia baia naturalmente protetta di San Giorgio (Sveti Juraj), di fronte all\u2019isola di Hvar e alla terraferma.\" \/>\n<meta property=\"og:url\" content=\"https:\/\/vis-hoteli.hr\/it\/la-citta-di-vis\/\" \/>\n<meta property=\"og:site_name\" content=\"Hoteli Vis\" \/>\n<meta property=\"article:modified_time\" content=\"2024-06-03T10:13:03+00:00\" \/>\n<meta name=\"twitter:card\" content=\"summary_large_image\" \/>\n<meta name=\"twitter:label1\" content=\"Tempo di lettura stimato\" \/>\n\t<meta name=\"twitter:data1\" content=\"8 minuti\" \/>\n<script type=\"application\/ld+json\" class=\"yoast-schema-graph\">{\"@context\":\"https:\\\/\\\/schema.org\",\"@graph\":[{\"@type\":\"WebPage\",\"@id\":\"https:\\\/\\\/vis-hoteli.hr\\\/it\\\/la-citta-di-vis\\\/\",\"url\":\"https:\\\/\\\/vis-hoteli.hr\\\/it\\\/la-citta-di-vis\\\/\",\"name\":\"La citt\u00e0 di Vis - Hoteli Vis\",\"isPartOf\":{\"@id\":\"https:\\\/\\\/vis-hoteli.hr\\\/#website\"},\"datePublished\":\"2021-05-16T18:54:16+00:00\",\"dateModified\":\"2024-06-03T10:13:03+00:00\",\"description\":\"L\u2019affascinante citt\u00e0 costiera di Vis giace nell\u2019ampia baia naturalmente protetta di San Giorgio (Sveti Juraj), di fronte all\u2019isola di Hvar e alla terraferma.\",\"breadcrumb\":{\"@id\":\"https:\\\/\\\/vis-hoteli.hr\\\/it\\\/la-citta-di-vis\\\/#breadcrumb\"},\"inLanguage\":\"it-IT\",\"potentialAction\":[{\"@type\":\"ReadAction\",\"target\":[\"https:\\\/\\\/vis-hoteli.hr\\\/it\\\/la-citta-di-vis\\\/\"]}]},{\"@type\":\"BreadcrumbList\",\"@id\":\"https:\\\/\\\/vis-hoteli.hr\\\/it\\\/la-citta-di-vis\\\/#breadcrumb\",\"itemListElement\":[{\"@type\":\"ListItem\",\"position\":1,\"name\":\"Home\",\"item\":\"https:\\\/\\\/vis-hoteli.hr\\\/it\\\/\"},{\"@type\":\"ListItem\",\"position\":2,\"name\":\"La citt\u00e0 di Vis\"}]},{\"@type\":\"WebSite\",\"@id\":\"https:\\\/\\\/vis-hoteli.hr\\\/#website\",\"url\":\"https:\\\/\\\/vis-hoteli.hr\\\/\",\"name\":\"Hoteli Vis\",\"description\":\"Hoteli na \u010darobnom Visu\",\"publisher\":{\"@id\":\"https:\\\/\\\/vis-hoteli.hr\\\/#organization\"},\"potentialAction\":[{\"@type\":\"SearchAction\",\"target\":{\"@type\":\"EntryPoint\",\"urlTemplate\":\"https:\\\/\\\/vis-hoteli.hr\\\/?s={search_term_string}\"},\"query-input\":{\"@type\":\"PropertyValueSpecification\",\"valueRequired\":true,\"valueName\":\"search_term_string\"}}],\"inLanguage\":\"it-IT\"},{\"@type\":\"Organization\",\"@id\":\"https:\\\/\\\/vis-hoteli.hr\\\/#organization\",\"name\":\"Hoteli Vis d.d. u ste\u010daju\",\"url\":\"https:\\\/\\\/vis-hoteli.hr\\\/\",\"logo\":{\"@type\":\"ImageObject\",\"inLanguage\":\"it-IT\",\"@id\":\"https:\\\/\\\/vis-hoteli.hr\\\/#\\\/schema\\\/logo\\\/image\\\/\",\"url\":\"https:\\\/\\\/vis-hoteli.hr\\\/wp-content\\\/uploads\\\/2016\\\/11\\\/logotip.jpg\",\"contentUrl\":\"https:\\\/\\\/vis-hoteli.hr\\\/wp-content\\\/uploads\\\/2016\\\/11\\\/logotip.jpg\",\"width\":349,\"height\":568,\"caption\":\"Hoteli Vis d.d. u ste\u010daju\"},\"image\":{\"@id\":\"https:\\\/\\\/vis-hoteli.hr\\\/#\\\/schema\\\/logo\\\/image\\\/\"}}]}<\/script>\n<!-- \/ Yoast SEO plugin. -->","yoast_head_json":{"title":"La citt\u00e0 di Vis - Hoteli Vis","description":"L\u2019affascinante citt\u00e0 costiera di Vis giace nell\u2019ampia baia naturalmente protetta di San Giorgio (Sveti Juraj), di fronte all\u2019isola di Hvar e alla terraferma.","robots":{"index":"index","follow":"follow","max-snippet":"max-snippet:-1","max-image-preview":"max-image-preview:large","max-video-preview":"max-video-preview:-1"},"canonical":"https:\/\/vis-hoteli.hr\/it\/la-citta-di-vis\/","og_locale":"it_IT","og_type":"article","og_title":"La citt\u00e0 di Vis - Hoteli Vis","og_description":"L\u2019affascinante citt\u00e0 costiera di Vis giace nell\u2019ampia baia naturalmente protetta di San Giorgio (Sveti Juraj), di fronte all\u2019isola di Hvar e alla terraferma.","og_url":"https:\/\/vis-hoteli.hr\/it\/la-citta-di-vis\/","og_site_name":"Hoteli Vis","article_modified_time":"2024-06-03T10:13:03+00:00","twitter_card":"summary_large_image","twitter_misc":{"Tempo di lettura stimato":"8 minuti"},"schema":{"@context":"https:\/\/schema.org","@graph":[{"@type":"WebPage","@id":"https:\/\/vis-hoteli.hr\/it\/la-citta-di-vis\/","url":"https:\/\/vis-hoteli.hr\/it\/la-citta-di-vis\/","name":"La citt\u00e0 di Vis - Hoteli Vis","isPartOf":{"@id":"https:\/\/vis-hoteli.hr\/#website"},"datePublished":"2021-05-16T18:54:16+00:00","dateModified":"2024-06-03T10:13:03+00:00","description":"L\u2019affascinante citt\u00e0 costiera di Vis giace nell\u2019ampia baia naturalmente protetta di San Giorgio (Sveti Juraj), di fronte all\u2019isola di Hvar e alla terraferma.","breadcrumb":{"@id":"https:\/\/vis-hoteli.hr\/it\/la-citta-di-vis\/#breadcrumb"},"inLanguage":"it-IT","potentialAction":[{"@type":"ReadAction","target":["https:\/\/vis-hoteli.hr\/it\/la-citta-di-vis\/"]}]},{"@type":"BreadcrumbList","@id":"https:\/\/vis-hoteli.hr\/it\/la-citta-di-vis\/#breadcrumb","itemListElement":[{"@type":"ListItem","position":1,"name":"Home","item":"https:\/\/vis-hoteli.hr\/it\/"},{"@type":"ListItem","position":2,"name":"La citt\u00e0 di Vis"}]},{"@type":"WebSite","@id":"https:\/\/vis-hoteli.hr\/#website","url":"https:\/\/vis-hoteli.hr\/","name":"Hoteli Vis","description":"Hoteli na \u010darobnom Visu","publisher":{"@id":"https:\/\/vis-hoteli.hr\/#organization"},"potentialAction":[{"@type":"SearchAction","target":{"@type":"EntryPoint","urlTemplate":"https:\/\/vis-hoteli.hr\/?s={search_term_string}"},"query-input":{"@type":"PropertyValueSpecification","valueRequired":true,"valueName":"search_term_string"}}],"inLanguage":"it-IT"},{"@type":"Organization","@id":"https:\/\/vis-hoteli.hr\/#organization","name":"Hoteli Vis d.d. u ste\u010daju","url":"https:\/\/vis-hoteli.hr\/","logo":{"@type":"ImageObject","inLanguage":"it-IT","@id":"https:\/\/vis-hoteli.hr\/#\/schema\/logo\/image\/","url":"https:\/\/vis-hoteli.hr\/wp-content\/uploads\/2016\/11\/logotip.jpg","contentUrl":"https:\/\/vis-hoteli.hr\/wp-content\/uploads\/2016\/11\/logotip.jpg","width":349,"height":568,"caption":"Hoteli Vis d.d. u ste\u010daju"},"image":{"@id":"https:\/\/vis-hoteli.hr\/#\/schema\/logo\/image\/"}}]}},"_links":{"self":[{"href":"https:\/\/vis-hoteli.hr\/it\/wp-json\/wp\/v2\/pages\/2118","targetHints":{"allow":["GET"]}}],"collection":[{"href":"https:\/\/vis-hoteli.hr\/it\/wp-json\/wp\/v2\/pages"}],"about":[{"href":"https:\/\/vis-hoteli.hr\/it\/wp-json\/wp\/v2\/types\/page"}],"author":[{"embeddable":true,"href":"https:\/\/vis-hoteli.hr\/it\/wp-json\/wp\/v2\/users\/3"}],"replies":[{"embeddable":true,"href":"https:\/\/vis-hoteli.hr\/it\/wp-json\/wp\/v2\/comments?post=2118"}],"version-history":[{"count":7,"href":"https:\/\/vis-hoteli.hr\/it\/wp-json\/wp\/v2\/pages\/2118\/revisions"}],"predecessor-version":[{"id":2257,"href":"https:\/\/vis-hoteli.hr\/it\/wp-json\/wp\/v2\/pages\/2118\/revisions\/2257"}],"wp:attachment":[{"href":"https:\/\/vis-hoteli.hr\/it\/wp-json\/wp\/v2\/media?parent=2118"}],"curies":[{"name":"wp","href":"https:\/\/api.w.org\/{rel}","templated":true}]}}