{"id":2110,"date":"2021-05-16T20:49:44","date_gmt":"2021-05-16T18:49:44","guid":{"rendered":"https:\/\/vis-hoteli.hr\/?page_id=2110"},"modified":"2024-06-03T12:10:32","modified_gmt":"2024-06-03T10:10:32","slug":"gastronomia","status":"publish","type":"page","link":"https:\/\/vis-hoteli.hr\/it\/gastronomia\/","title":{"rendered":"Gastronomia"},"content":{"rendered":"<div class=\"wpb-content-wrapper\"><p>[vc_row][vc_column][vc_column_text]<\/p>\n<h2 style=\"text-align: center; font-weight: 400;\"><strong>LA GASTRONOMIA DELL\u2019ISOLA DI VIS<\/strong><\/h2>\n<p>Maurice Edmond Sailland \u2013 Curnonsky, un grande scrittore e critico epicureo e gastronomico, soprannominato \u201cil principe di tutti i gastronomi\u201d, sosteneva che l\u2019apice della gastronomia si raggiunge usando ingredienti che non hanno perso l\u2019aspetto, il gusto e il profumo originali.<\/p>\n<p>Proprio per questo la cucina dell\u2019Isola di Vis, che si basa sul sapore originale dei frutti di mare e della terra nella loro edizione migliore e pi\u00f9 naturale, sta vivendo oggi la sua rinascita. Tutti coloro che associano i profumi e i sapori della gastronomia di Vis in un\u2019esperienza unica con il soggiorno in questa perla incontaminata del Mediterraneo, diventano amanti dell\u2019Isola che tornano anno dopo anno per ripristinare il piacere edonistico riscontrato.<\/p>\n<p>Il microclima unico, il ricco altopiano dell\u2019Isola e i campi fertili sono i presupposti ideali per raccolti fruttuosi di uva, olive e agrumi. Conoscendo anche il fatto che le acque di Komi\u017ea sono ricche di pesce e i pescatori del posto sono abili innovatori nel mondo della pesca, possiamo facilmente concludere che molti vengono sull\u2019isola di Vis per vivere un\u2019esperienza gastronomica speciale.<\/p>\n<p>Polpette o insalata di polpo, pesce essiccato, salato e affumicato, calamari in umido al vino con alloro, pesce in ceci, pasta e fagioli al brujet (zuppa di pesce) sono solo alcuni dei piatti che non troverete da nessun\u2019altra parte sull\u2019Adriatico.<\/p>\n<p>Uno dei modi pi\u00f9 conosciuti e apprezzati per preparare le prelibatezze a base di carne o pesce in Dalmazia \u00e8 sicuramente cuocendoli sotto \u201cla peka\u201d. La peka \u00e8 un piatto arrosto che si prepara con carne o pesce e verdura in una pentola che si pone sulla brace nel caminetto. Per gustare uno di questi piatti tipici \u00e8 meglio prenotare in anticipo perch\u00e9 la preparazione\u00a0 \u00e8 tradizionale, richiede tempo e amore. Anche il brujet (zuppa di pesce), i piatti a base di pesce rospo e l\u2019aragosta sono specialit\u00e0 da non perdere. Quindi, per godersi la gastronomia unica dell\u2019isola di Vis come si deve, una settimana \u00e8 un minimo di tempo indispensabile.<\/p>\n<p>Per chi vuole prepararsi in tempo ai fuochi d\u2019artificio per il palato, pu\u00f2 impastare a casa la tradizionale focaccia salata di Lissa o Vi\u0161ka poga\u010da.<\/p>\n<p>Questa specialit\u00e0 autoctona locale contiene, tra l\u2019altro, pesce sotto sale che si prepara dalla notte dei tempi in ogni paesino affacciato al litorale croato. Questo modo di conservare il pesce gli consente\u00a0 di mantenere intatte tutte le proprie propriet\u00e0 nutritive e d\u00e0 ai cibi a cui si aggiunge un carattere pi\u00f9 intenso.[\/vc_column_text][vc_empty_space height=&#8221;20px&#8221;][\/vc_column][\/vc_row][vc_row][vc_column width=&#8221;1\/3&#8243;][vc_single_image image=&#8221;2111&#8243; img_size=&#8221;full&#8221; alignment=&#8221;center&#8221;][vc_empty_space height=&#8221;20px&#8221;][\/vc_column][vc_column width=&#8221;2\/3&#8243;][vc_column_text]<strong>La focaccia salata di Lissa (Vi\u0161ka poga\u010da):<\/strong><\/p>\n<p><strong>\u00a0<\/strong><\/p>\n<p><strong>L\u2019impasto<\/strong><\/p>\n<ul>\n<li>600 g di farina<\/li>\n<li>1 cucchiaino di sale<\/li>\n<li>1 pezzo di lievito<\/li>\n<li>05 dcl di olio extravergine di oliva<\/li>\n<\/ul>\n<p><strong>\u00a0<\/strong><\/p>\n<p><strong>Il ripieno<\/strong><\/p>\n<ul>\n<li>10 dcl di olio extravergine di oliva<\/li>\n<li>5 pezzi di cipolla<\/li>\n<li>800 g di pomodori pelati o pomodori maturi freschi schiacciati<\/li>\n<li>un po &#8216;di origano, prezzemolo o capperi (a seconda del gusto)<\/li>\n<li>80 g di filetti di acciughe o sarde salate<\/li>\n<li>sale e pepe<\/li>\n<\/ul>\n<p>Divertitevi a impastare la pasta fatta di farina, lievito, acqua e due cucchiai di olio d\u2019oliva e aggiungetevi un pizzico di sale. \u00c8 un processo che pu\u00f2 essere usato anche come trattamento antistress!<\/p>\n<p>Mentre l\u2019impasto riposa al caldo e raddoppia, soffriggete la cipolla tagliata a rondelle in olio extra vergine d\u2019oliva, quindi aggiungete pomodori pelati o pomodori maturi freschi schiacciati, sale e pepe. Per aggiungere gusto potete completare il tutto con un po\u2019 di prezzemolo tritato, capperi e origano.<\/p>\n<p>Dividete l\u2019impasto in due parti, una pi\u00f9 grande, con cui rivestirete la teglia da forno, e l\u2019altra, pi\u00f9 piccola, che servir\u00e0 come coperchio. Stendetene la parte pi\u00f9 grande su una teglia unta d\u2019olio, irrorate con olio d\u2019oliva, unite il ripieno e adagiatevi sopra i filetti di acciughe o sarde salate.<\/p>\n<p>Chiudere il tutto con l\u2019altra parte dell\u2019impasto e premere i bordi per unirli. Il tutto va abbondantemente unto con olio d\u2019oliva.<\/p>\n<p>Dopo 40 minuti circa di pazienza, nei quali questa prelibatezza cuoce nel forno a 180\u2070, potrete godere dei sapori dell\u2019isola di Vis.<\/p>\n<p>La Vi\u0161ka poga\u010da di solito si taglia a quadrati. Grazie ai suoi condimenti e al ripieno ricco e succoso, \u00e8 ottima come spuntino o merenda ma anche come piatto unico.<\/p>\n<p>Dobar tek![\/vc_column_text][vc_empty_space height=&#8221;50px&#8221;][\/vc_column][\/vc_row][vc_row disable_element=&#8221;yes&#8221;][vc_column width=&#8221;1\/6&#8243;][\/vc_column][vc_column width=&#8221;2\/3&#8243;][vc_images_carousel images=&#8221;2112,2113&#8243; img_size=&#8221;full&#8221;][\/vc_column][vc_column width=&#8221;1\/6&#8243;][\/vc_column][\/vc_row][vc_row][vc_column][vc_column_text]<\/p>\n<h2>I prodotti del isola<\/h2>\n<p><strong>IL VINO<\/strong><\/p>\n<p>Vis \u00e8 un\u2019isola dove si vive rispettando la tradizione. Quindi, quando parliamo di gastronomia e di vini, dobbiamo attenerci al detto popolare:<\/p>\n<p><strong>\u201cIl pesce deve nuotare tre volte: nel mare, nell\u2019olio d\u2019oliva e nel buon vino!\u201d<\/strong><\/p>\n<p>I vini buoni su quest\u2019isola del mare Adriatico son ottenuti da vitigni autoctoni.<\/p>\n<p>Il vino di Vis vi porter\u00e0 in viaggio attraverso la storia romantica del vino che risale al tempo in cui i Greci erano l\u2019alfa e l\u2019omega di questi mari. Sono loro che hanno piantato le prime viti e, poich\u00e9 essi stessi erano amanti di questo nettare paradisiaco, hanno goduto dei frutti del loro lavoro.<\/p>\n<p>I residenti diligenti dell\u2019Isola di Vis anche oggi coltivano la tradizione della vinificazione. Qualunque azienda vinicola o enoteca vi inviti ad assaggiare i loro prodotti, non esitate a entrare.<\/p>\n<p>La parte interna dell\u2019isola \u00e8 ricoperta di vigne, principalmente il Plavac Mal\u00ec a bacca rossa, parente stretto del Primitivo di Manduria Italiano o Zinfandel Californiano.<\/p>\n<p>Il Vugava o Bugava \u00e8 il vino a bacca bianca, dalla sontuosa pienezza e dal sapore di miele, che \u00e8 coltivato quasi esclusivamente sull\u2019isola di Vis e ha origini molto antiche.<\/p>\n<p>Per gli amanti del vino a cui piace assaggiare e godere di tutto ci\u00f2 che quest\u2019isola paradisiaca ha da offrire, ci sono <strong>le tour del vino<\/strong>.<\/p>\n<p><strong>I DOLCI<\/strong><\/p>\n<p>Quando la voglia di dolce \u00e8 irresistibile e vi trovate sull\u2019Isola di Vis, gli Cviti o le Hro\u0161tule sono la scelta giusta. Questi dolci tradizionali vi introdurranno nel mondo delle festivit\u00e0 dell\u2019isola sin dal primo morso, perch\u00e9 non c\u2019\u00e8 matrimonio o celebrazione senza questi biscotti croccanti e dolcetti fritti spolverati di zucchero.<\/p>\n<p><strong>LA CARRUBA<\/strong><\/p>\n<p>I dolci fatti con farina di carrube sono una vera prelibatezza e non solo per il palato. La carruba \u00e8 ricca di fibre, di vitamine come la riboflavina (Vitamina B2), di minerali come calcio, rame, potassio e manganese. Questo frutto \u00e8 noto fin dall\u2019antichit\u00e0 ed \u00e8 apprezzato oggi come allora. A Komi\u017ea viene coltivato e lavorato da pi\u00f9 di 50 anni. Sull\u2019Isola c\u2019\u00e8 l\u2019unico mulino di carruba in Croazia.<\/p>\n<p>I frutti prodotti dalla carruba sono legumi che vengono utilizzati anche per la produzione della grappa aromatizzata \u2013 <strong>Roga\u010dica<\/strong>, il migliore dei souvenir. Le note calde di questa grappa vi riporterano alla bellezza naturale dell\u2019Isola di Vis ovunque vi troviate.<\/p>\n<p><strong>IL FICO<\/strong><\/p>\n<p>Il fico era un albero sacro per gli antichi popoli indoeuropei, associato a rituali di fertilit\u00e0 e iniziazione. Molte prelibatezze vengono fatte con il suo delizioso frutto. Le abili mani dei abitanti dell\u2019Isola di Vis trasformano i fichi secchi in pane di fico. Questo pane viene preparato ancora oggi in modo tradizionale, ed \u00e8 noto come <strong>il hib di Vis<\/strong> (hib come hljeb che significa \u201cpane\u201d).<\/p>\n<p><strong>Il hib di Vis<\/strong>\u00a0\u00e8 preparato con ingredienti ecologici: fichi secchi, semi di finocchio, mandorle, scorza d\u2019arancia e grappa locale. Viene conservato in foglie essiccate di alloro e rosmarino, che gli conferiscono un aroma speciale.<\/p>\n<p>Questa focaccina aromatica \u00e8 una vera bomba energetica che i paesani dell\u2019isola mangiavano lavorando nei campi per ripristinare le forze. Durante le feste di Natale il hib viene servito con un bicchierino di grappa alle erbe aromatiche o con il prosecco.<\/p>\n<p><strong>LIMONI E ARANCE<\/strong><\/p>\n<p>Scorze di limone e arancia essiccate e macinate, narancini (scorzette di arancia candite), limuncini (scorzette di limone candite), confettura di arance amare e confettura di limoni sono solo alcune delle prelibatezze che troverete dagli produttori tradizionali dell\u2019Isola di Vis.<\/p>\n<p>Inoltre, vari liquori, capperi e motar (finocchio marino) sott\u2019aceto e l\u2019olio d\u2019oliva dal sapore delicato rendono l\u2019offerta di prodotti autoctoni locali varia e irresistibile.[\/vc_column_text][\/vc_column][\/vc_row]<\/p>\n<\/div>","protected":false},"excerpt":{"rendered":"<p>[vc_row][vc_column][vc_column_text] LA GASTRONOMIA DELL\u2019ISOLA DI VIS Maurice Edmond Sailland \u2013 Curnonsky, un grande scrittore e critico epicureo e gastronomico, soprannominato&#8230;<\/p>\n","protected":false},"author":3,"featured_media":0,"parent":0,"menu_order":0,"comment_status":"closed","ping_status":"closed","template":"","meta":{"footnotes":""},"class_list":["post-2110","page","type-page","status-publish","hentry"],"yoast_head":"<!-- This site is optimized with the Yoast SEO plugin v27.3 - https:\/\/yoast.com\/product\/yoast-seo-wordpress\/ -->\n<title>Gastronomia - Hoteli Vis<\/title>\n<meta name=\"description\" content=\"Il microclima unico, il ricco altopiano di Vi\u0161ka e i campi fertili sono i presupposti ideali per raccolti fruttuosi di uva, olive e limoni. Quando a...\" \/>\n<meta name=\"robots\" content=\"index, follow, max-snippet:-1, max-image-preview:large, max-video-preview:-1\" \/>\n<link rel=\"canonical\" href=\"https:\/\/vis-hoteli.hr\/it\/gastronomia\/\" \/>\n<meta property=\"og:locale\" content=\"it_IT\" \/>\n<meta property=\"og:type\" content=\"article\" \/>\n<meta property=\"og:title\" content=\"Gastronomia - Hoteli Vis\" \/>\n<meta property=\"og:description\" content=\"Il microclima unico, il ricco altopiano di Vi\u0161ka e i campi fertili sono i presupposti ideali per raccolti fruttuosi di uva, olive e limoni. Quando a...\" \/>\n<meta property=\"og:url\" content=\"https:\/\/vis-hoteli.hr\/it\/gastronomia\/\" \/>\n<meta property=\"og:site_name\" content=\"Hoteli Vis\" \/>\n<meta property=\"article:modified_time\" content=\"2024-06-03T10:10:32+00:00\" \/>\n<meta name=\"twitter:card\" content=\"summary_large_image\" \/>\n<meta name=\"twitter:label1\" content=\"Tempo di lettura stimato\" \/>\n\t<meta name=\"twitter:data1\" content=\"8 minuti\" \/>\n<script type=\"application\/ld+json\" class=\"yoast-schema-graph\">{\"@context\":\"https:\\\/\\\/schema.org\",\"@graph\":[{\"@type\":\"WebPage\",\"@id\":\"https:\\\/\\\/vis-hoteli.hr\\\/it\\\/gastronomia\\\/\",\"url\":\"https:\\\/\\\/vis-hoteli.hr\\\/it\\\/gastronomia\\\/\",\"name\":\"Gastronomia - Hoteli Vis\",\"isPartOf\":{\"@id\":\"https:\\\/\\\/vis-hoteli.hr\\\/#website\"},\"datePublished\":\"2021-05-16T18:49:44+00:00\",\"dateModified\":\"2024-06-03T10:10:32+00:00\",\"description\":\"Il microclima unico, il ricco altopiano di Vi\u0161ka e i campi fertili sono i presupposti ideali per raccolti fruttuosi di uva, olive e limoni. Quando a...\",\"breadcrumb\":{\"@id\":\"https:\\\/\\\/vis-hoteli.hr\\\/it\\\/gastronomia\\\/#breadcrumb\"},\"inLanguage\":\"it-IT\",\"potentialAction\":[{\"@type\":\"ReadAction\",\"target\":[\"https:\\\/\\\/vis-hoteli.hr\\\/it\\\/gastronomia\\\/\"]}]},{\"@type\":\"BreadcrumbList\",\"@id\":\"https:\\\/\\\/vis-hoteli.hr\\\/it\\\/gastronomia\\\/#breadcrumb\",\"itemListElement\":[{\"@type\":\"ListItem\",\"position\":1,\"name\":\"Home\",\"item\":\"https:\\\/\\\/vis-hoteli.hr\\\/it\\\/\"},{\"@type\":\"ListItem\",\"position\":2,\"name\":\"Gastronomia\"}]},{\"@type\":\"WebSite\",\"@id\":\"https:\\\/\\\/vis-hoteli.hr\\\/#website\",\"url\":\"https:\\\/\\\/vis-hoteli.hr\\\/\",\"name\":\"Hoteli Vis\",\"description\":\"Hoteli na \u010darobnom Visu\",\"publisher\":{\"@id\":\"https:\\\/\\\/vis-hoteli.hr\\\/#organization\"},\"potentialAction\":[{\"@type\":\"SearchAction\",\"target\":{\"@type\":\"EntryPoint\",\"urlTemplate\":\"https:\\\/\\\/vis-hoteli.hr\\\/?s={search_term_string}\"},\"query-input\":{\"@type\":\"PropertyValueSpecification\",\"valueRequired\":true,\"valueName\":\"search_term_string\"}}],\"inLanguage\":\"it-IT\"},{\"@type\":\"Organization\",\"@id\":\"https:\\\/\\\/vis-hoteli.hr\\\/#organization\",\"name\":\"Hoteli Vis d.d. u ste\u010daju\",\"url\":\"https:\\\/\\\/vis-hoteli.hr\\\/\",\"logo\":{\"@type\":\"ImageObject\",\"inLanguage\":\"it-IT\",\"@id\":\"https:\\\/\\\/vis-hoteli.hr\\\/#\\\/schema\\\/logo\\\/image\\\/\",\"url\":\"https:\\\/\\\/vis-hoteli.hr\\\/wp-content\\\/uploads\\\/2016\\\/11\\\/logotip.jpg\",\"contentUrl\":\"https:\\\/\\\/vis-hoteli.hr\\\/wp-content\\\/uploads\\\/2016\\\/11\\\/logotip.jpg\",\"width\":349,\"height\":568,\"caption\":\"Hoteli Vis d.d. u ste\u010daju\"},\"image\":{\"@id\":\"https:\\\/\\\/vis-hoteli.hr\\\/#\\\/schema\\\/logo\\\/image\\\/\"}}]}<\/script>\n<!-- \/ Yoast SEO plugin. -->","yoast_head_json":{"title":"Gastronomia - Hoteli Vis","description":"Il microclima unico, il ricco altopiano di Vi\u0161ka e i campi fertili sono i presupposti ideali per raccolti fruttuosi di uva, olive e limoni. Quando a...","robots":{"index":"index","follow":"follow","max-snippet":"max-snippet:-1","max-image-preview":"max-image-preview:large","max-video-preview":"max-video-preview:-1"},"canonical":"https:\/\/vis-hoteli.hr\/it\/gastronomia\/","og_locale":"it_IT","og_type":"article","og_title":"Gastronomia - Hoteli Vis","og_description":"Il microclima unico, il ricco altopiano di Vi\u0161ka e i campi fertili sono i presupposti ideali per raccolti fruttuosi di uva, olive e limoni. Quando a...","og_url":"https:\/\/vis-hoteli.hr\/it\/gastronomia\/","og_site_name":"Hoteli Vis","article_modified_time":"2024-06-03T10:10:32+00:00","twitter_card":"summary_large_image","twitter_misc":{"Tempo di lettura stimato":"8 minuti"},"schema":{"@context":"https:\/\/schema.org","@graph":[{"@type":"WebPage","@id":"https:\/\/vis-hoteli.hr\/it\/gastronomia\/","url":"https:\/\/vis-hoteli.hr\/it\/gastronomia\/","name":"Gastronomia - Hoteli Vis","isPartOf":{"@id":"https:\/\/vis-hoteli.hr\/#website"},"datePublished":"2021-05-16T18:49:44+00:00","dateModified":"2024-06-03T10:10:32+00:00","description":"Il microclima unico, il ricco altopiano di Vi\u0161ka e i campi fertili sono i presupposti ideali per raccolti fruttuosi di uva, olive e limoni. Quando a...","breadcrumb":{"@id":"https:\/\/vis-hoteli.hr\/it\/gastronomia\/#breadcrumb"},"inLanguage":"it-IT","potentialAction":[{"@type":"ReadAction","target":["https:\/\/vis-hoteli.hr\/it\/gastronomia\/"]}]},{"@type":"BreadcrumbList","@id":"https:\/\/vis-hoteli.hr\/it\/gastronomia\/#breadcrumb","itemListElement":[{"@type":"ListItem","position":1,"name":"Home","item":"https:\/\/vis-hoteli.hr\/it\/"},{"@type":"ListItem","position":2,"name":"Gastronomia"}]},{"@type":"WebSite","@id":"https:\/\/vis-hoteli.hr\/#website","url":"https:\/\/vis-hoteli.hr\/","name":"Hoteli Vis","description":"Hoteli na \u010darobnom Visu","publisher":{"@id":"https:\/\/vis-hoteli.hr\/#organization"},"potentialAction":[{"@type":"SearchAction","target":{"@type":"EntryPoint","urlTemplate":"https:\/\/vis-hoteli.hr\/?s={search_term_string}"},"query-input":{"@type":"PropertyValueSpecification","valueRequired":true,"valueName":"search_term_string"}}],"inLanguage":"it-IT"},{"@type":"Organization","@id":"https:\/\/vis-hoteli.hr\/#organization","name":"Hoteli Vis d.d. u ste\u010daju","url":"https:\/\/vis-hoteli.hr\/","logo":{"@type":"ImageObject","inLanguage":"it-IT","@id":"https:\/\/vis-hoteli.hr\/#\/schema\/logo\/image\/","url":"https:\/\/vis-hoteli.hr\/wp-content\/uploads\/2016\/11\/logotip.jpg","contentUrl":"https:\/\/vis-hoteli.hr\/wp-content\/uploads\/2016\/11\/logotip.jpg","width":349,"height":568,"caption":"Hoteli Vis d.d. u ste\u010daju"},"image":{"@id":"https:\/\/vis-hoteli.hr\/#\/schema\/logo\/image\/"}}]}},"_links":{"self":[{"href":"https:\/\/vis-hoteli.hr\/it\/wp-json\/wp\/v2\/pages\/2110","targetHints":{"allow":["GET"]}}],"collection":[{"href":"https:\/\/vis-hoteli.hr\/it\/wp-json\/wp\/v2\/pages"}],"about":[{"href":"https:\/\/vis-hoteli.hr\/it\/wp-json\/wp\/v2\/types\/page"}],"author":[{"embeddable":true,"href":"https:\/\/vis-hoteli.hr\/it\/wp-json\/wp\/v2\/users\/3"}],"replies":[{"embeddable":true,"href":"https:\/\/vis-hoteli.hr\/it\/wp-json\/wp\/v2\/comments?post=2110"}],"version-history":[{"count":2,"href":"https:\/\/vis-hoteli.hr\/it\/wp-json\/wp\/v2\/pages\/2110\/revisions"}],"predecessor-version":[{"id":2115,"href":"https:\/\/vis-hoteli.hr\/it\/wp-json\/wp\/v2\/pages\/2110\/revisions\/2115"}],"wp:attachment":[{"href":"https:\/\/vis-hoteli.hr\/it\/wp-json\/wp\/v2\/media?parent=2110"}],"curies":[{"name":"wp","href":"https:\/\/api.w.org\/{rel}","templated":true}]}}