{"id":1248,"date":"2017-04-10T19:20:12","date_gmt":"2017-04-10T17:20:12","guid":{"rendered":"http:\/\/vis-hoteli.hr\/wordpress\/hotel-tamaris\/"},"modified":"2024-06-03T12:20:33","modified_gmt":"2024-06-03T10:20:33","slug":"hotel-tamaris","status":"publish","type":"page","link":"https:\/\/vis-hoteli.hr\/en\/hotel-tamaris\/","title":{"rendered":"Hotel Tamaris"},"content":{"rendered":"<div class=\"wpb-content-wrapper\"><p>[vc_row][vc_column width=&#8221;1\/6&#8243;][\/vc_column][vc_column width=&#8221;2\/3&#8243;][vc_images_carousel images=&#8221;1902,1904,1906,1908,1347&#8243; img_size=&#8221;full&#8221; autoplay=&#8221;yes&#8221; hide_pagination_control=&#8221;yes&#8221; wrap=&#8221;yes&#8221;][\/vc_column][vc_column width=&#8221;1\/6&#8243;][\/vc_column][\/vc_row][vc_row][vc_column][vc_column_text]<\/p>\n<h2>HOTEL TAMARIS<\/h2>\n<p>[\/vc_column_text][vc_column_text]<strong>HOTEL TAMARIS **<\/strong>\u00a0is located in a charming century-old stone building on the waterfront, in the heart of the town of Vis. Thanks to this position, the view from the hotel is unique. The atmosphere of sailboats swinging lightly in the bay of Vis, the cries of seagulls, the morning chitchats of locals, the sky, and the sea that merge in the distance, will excite even the most settled travelers.<\/p>\n<p>In the morning, you can enjoy the most beautiful part of the town from the Tamaris Caffe Bar, sipping morning coffee and reading newspapers in the shade, forgetting about time and busy everyday life. This is also the best place from which you will taste the real Dalmatian atmosphere emerging from\u00a0<strong>the klapa music<\/strong>, a form of traditional a cappella singing with origins in Dalmatia, on Klapavica Square. Summer evenings are the best time to have fun with family and friends until late at night with colorful cocktails, a selection of local wines and craft beers, and other delicacies that this place offers.<\/p>\n<p><strong>The gourmet restaurant Admiral<\/strong>, which is located within the hotel, delights with its gastronomic delicacies, dishes made from local ingredients, which are perfectly combined with a rich offer of top-quality wines from the island of Vis.<\/p>\n<p>Hotel Tamaris has 20 double rooms and two family suites, most of which are oriented towards the sea. All rooms have air conditioning, satellite TV, telephone, shower\/toilet.<\/p>\n<p><strong>Facilities &amp; services<\/strong><\/p>\n<ul>\n<li>Hotel Restaurant with breakfast buffet and dinner service<\/li>\n<li>Caffe bar Tamaris<\/li>\n<li>\u00c0 la carte restaurant Admiral<\/li>\n<\/ul>\n<p>[\/vc_column_text][\/vc_column][\/vc_row][vc_row][vc_column][vc_empty_space height=&#8221;60px&#8221;][\/vc_column][\/vc_row][vc_row disable_element=&#8221;yes&#8221;][vc_column][vc_custom_heading text=&#8221;INDIVIDUALNI CJENIK USLUGA ZA 2020. GODINU&#8221; font_container=&#8221;tag:h3|text_align:left&#8221; use_theme_fonts=&#8221;yes&#8221;][vc_column_text]<\/p>\n<table class=\"table\">\n<tbody>\n<tr>\n<td><\/td>\n<td>SEZONA I<\/td>\n<td>SEZONA II<\/td>\n<td>SEZONA III<\/td>\n<td>SEZONA IV<\/td>\n<\/tr>\n<tr>\n<td><strong>HOTEL TAMARIS**<\/strong><\/td>\n<td><strong>01.04.-01.05.<\/strong><br \/>\n<strong>26.09-31.10.<\/strong><\/td>\n<td><strong>02.05.-12.06.<\/strong><br \/>\n<strong>05.09.-25.09.<\/strong><\/td>\n<td><strong>13.06.-17.07.<\/strong><br \/>\n<strong>22.08.-04.09<\/strong>.<\/td>\n<td><strong>18.07.-21.08<\/strong>.<\/td>\n<\/tr>\n<tr>\n<td><strong>dvokrevetna soba, BB usluga<\/strong><\/td>\n<td>245,00<\/td>\n<td>310,00<\/td>\n<td>370,00<\/td>\n<td>440,00<\/td>\n<\/tr>\n<tr>\n<td><strong>Jednokrevetna soba, BB usluga<\/strong><\/td>\n<td>315,00<\/td>\n<td>380,00<\/td>\n<td>440,00<\/td>\n<td>510,00<\/td>\n<\/tr>\n<tr>\n<td><strong>Doplata pogled more<\/strong><\/td>\n<td>20,00<\/td>\n<td>20,00<\/td>\n<td>35,00<\/td>\n<td>35,00<\/td>\n<\/tr>\n<tr>\n<td><strong>Doplata za polupansion<\/strong><\/td>\n<td>75,00<\/td>\n<td>75,00<\/td>\n<td>75,00<\/td>\n<td>75,00<\/td>\n<\/tr>\n<tr>\n<td><strong>Popust za tre\u0107i krevet<\/strong><\/td>\n<td>30,00%<\/td>\n<td>30,00%<\/td>\n<td>30,00%<\/td>\n<td>20,00%<\/td>\n<\/tr>\n<tr>\n<td><strong>Popust za dijete 2 &#8211; 11,99 godina s dvije odrasle osobe<\/strong><\/td>\n<td>50,00%<\/td>\n<td>50,00%<\/td>\n<td>50,00%<\/td>\n<td>50,00%<\/td>\n<\/tr>\n<tr>\n<td><strong>Popust za dijete 2 &#8211; 11,99 godina s jednom odraslom osobom<\/strong><\/td>\n<td>30,00%<\/td>\n<td>30,00%<\/td>\n<td>30,00%<\/td>\n<td>30,00%<\/td>\n<\/tr>\n<tr>\n<td><strong>Dje\u010dji kreveti\u0107 (pla\u0107a se na recepciji)<\/strong><\/td>\n<td>40,00<\/td>\n<td>40,00<\/td>\n<td>40,00<\/td>\n<td>40,00<\/td>\n<\/tr>\n<\/tbody>\n<\/table>\n<table class=\"table\">\n<tbody>\n<tr>\n<td><\/td>\n<td><strong>I, II, XII mjesec<\/strong><\/td>\n<td><strong>III, X, XI mjesec<\/strong><\/td>\n<td><strong>IV, V, VI, VII, VIII, IX mjesec<\/strong><\/td>\n<\/tr>\n<tr>\n<td><strong>Boravi\u0161na pristojba<\/strong><\/td>\n<td>7,00<\/td>\n<td>7,00<\/td>\n<td>10,00<\/td>\n<\/tr>\n<\/tbody>\n<\/table>\n<p>[\/vc_column_text][vc_empty_space][vc_column_text]<strong>Cijene su izra\u017eene u HRK po osobi\/po danu. PDV je uklju\u010den u cijenu.<\/strong><\/p>\n<p><em>Hotel zadr\u017eava pravo izmjene cijena bez prethodne najave<\/em><\/p>\n<p><em>Predvi\u0111eni rad u 2020. godini je od 01.04.2020.-31.10.2020. Hotel zadr\u017eava pravo promjene uz prethodnu najavu.<\/em>[\/vc_column_text][vc_empty_space][\/vc_column][\/vc_row]<\/p>\n<\/div>","protected":false},"excerpt":{"rendered":"<p>[vc_row][vc_column width=&#8221;1\/6&#8243;][\/vc_column][vc_column width=&#8221;2\/3&#8243;][vc_images_carousel images=&#8221;1902,1904,1906,1908,1347&#8243; img_size=&#8221;full&#8221; autoplay=&#8221;yes&#8221; hide_pagination_control=&#8221;yes&#8221; wrap=&#8221;yes&#8221;][\/vc_column][vc_column width=&#8221;1\/6&#8243;][\/vc_column][\/vc_row][vc_row][vc_column][vc_column_text] HOTEL TAMARIS [\/vc_column_text][vc_column_text]HOTEL TAMARIS **\u00a0is located in a charming century-old stone&#8230;<\/p>\n","protected":false},"author":1,"featured_media":1338,"parent":0,"menu_order":0,"comment_status":"closed","ping_status":"closed","template":"","meta":{"footnotes":""},"class_list":["post-1248","page","type-page","status-publish","has-post-thumbnail","hentry"],"yoast_head":"<!-- This site is optimized with the Yoast SEO plugin v27.3 - https:\/\/yoast.com\/product\/yoast-seo-wordpress\/ -->\n<title>Hoteli Vis - Hotel Tamaris<\/title>\n<meta name=\"description\" content=\"Hotel Tamaris is located in the very center of the town of Vis, in a century-old stone building, and has been hosting tourists since 1972. It has 25 accommodation units.\" \/>\n<meta name=\"robots\" content=\"index, follow, max-snippet:-1, max-image-preview:large, max-video-preview:-1\" \/>\n<link rel=\"canonical\" href=\"https:\/\/vis-hoteli.hr\/en\/hotel-tamaris\/\" \/>\n<meta property=\"og:locale\" content=\"en_US\" \/>\n<meta property=\"og:type\" content=\"article\" \/>\n<meta property=\"og:title\" content=\"Hoteli Vis - Hotel Tamaris\" \/>\n<meta property=\"og:description\" content=\"Hotel Tamaris is located in the very center of the town of Vis, in a century-old stone building, and has been hosting tourists since 1972. It has 25 accommodation units.\" \/>\n<meta property=\"og:url\" content=\"https:\/\/vis-hoteli.hr\/en\/hotel-tamaris\/\" \/>\n<meta property=\"og:site_name\" content=\"Hoteli Vis\" \/>\n<meta property=\"article:modified_time\" content=\"2024-06-03T10:20:33+00:00\" \/>\n<meta property=\"og:image\" content=\"https:\/\/vis-hoteli.hr\/wp-content\/uploads\/2017\/04\/slide4.jpg\" \/>\n\t<meta property=\"og:image:width\" content=\"1920\" \/>\n\t<meta property=\"og:image:height\" content=\"1280\" \/>\n\t<meta property=\"og:image:type\" content=\"image\/jpeg\" \/>\n<meta name=\"twitter:card\" content=\"summary_large_image\" \/>\n<meta name=\"twitter:label1\" content=\"Est. reading time\" \/>\n\t<meta name=\"twitter:data1\" content=\"3 minutes\" \/>\n<script type=\"application\/ld+json\" class=\"yoast-schema-graph\">{\"@context\":\"https:\\\/\\\/schema.org\",\"@graph\":[{\"@type\":\"WebPage\",\"@id\":\"https:\\\/\\\/vis-hoteli.hr\\\/en\\\/hotel-tamaris\\\/\",\"url\":\"https:\\\/\\\/vis-hoteli.hr\\\/en\\\/hotel-tamaris\\\/\",\"name\":\"Hoteli Vis - Hotel Tamaris\",\"isPartOf\":{\"@id\":\"https:\\\/\\\/vis-hoteli.hr\\\/#website\"},\"primaryImageOfPage\":{\"@id\":\"https:\\\/\\\/vis-hoteli.hr\\\/en\\\/hotel-tamaris\\\/#primaryimage\"},\"image\":{\"@id\":\"https:\\\/\\\/vis-hoteli.hr\\\/en\\\/hotel-tamaris\\\/#primaryimage\"},\"thumbnailUrl\":\"https:\\\/\\\/vis-hoteli.hr\\\/wp-content\\\/uploads\\\/2017\\\/04\\\/slide4.jpg\",\"datePublished\":\"2017-04-10T17:20:12+00:00\",\"dateModified\":\"2024-06-03T10:20:33+00:00\",\"description\":\"Hotel Tamaris is located in the very center of the town of Vis, in a century-old stone building, and has been hosting tourists since 1972. It has 25 accommodation units.\",\"breadcrumb\":{\"@id\":\"https:\\\/\\\/vis-hoteli.hr\\\/en\\\/hotel-tamaris\\\/#breadcrumb\"},\"inLanguage\":\"en-US\",\"potentialAction\":[{\"@type\":\"ReadAction\",\"target\":[\"https:\\\/\\\/vis-hoteli.hr\\\/en\\\/hotel-tamaris\\\/\"]}]},{\"@type\":\"ImageObject\",\"inLanguage\":\"en-US\",\"@id\":\"https:\\\/\\\/vis-hoteli.hr\\\/en\\\/hotel-tamaris\\\/#primaryimage\",\"url\":\"https:\\\/\\\/vis-hoteli.hr\\\/wp-content\\\/uploads\\\/2017\\\/04\\\/slide4.jpg\",\"contentUrl\":\"https:\\\/\\\/vis-hoteli.hr\\\/wp-content\\\/uploads\\\/2017\\\/04\\\/slide4.jpg\",\"width\":1920,\"height\":1280,\"caption\":\"Hoteli Vis\"},{\"@type\":\"BreadcrumbList\",\"@id\":\"https:\\\/\\\/vis-hoteli.hr\\\/en\\\/hotel-tamaris\\\/#breadcrumb\",\"itemListElement\":[{\"@type\":\"ListItem\",\"position\":1,\"name\":\"Home\",\"item\":\"https:\\\/\\\/vis-hoteli.hr\\\/en\\\/\"},{\"@type\":\"ListItem\",\"position\":2,\"name\":\"Hotel Tamaris\"}]},{\"@type\":\"WebSite\",\"@id\":\"https:\\\/\\\/vis-hoteli.hr\\\/#website\",\"url\":\"https:\\\/\\\/vis-hoteli.hr\\\/\",\"name\":\"Hoteli Vis\",\"description\":\"Hoteli na \u010darobnom Visu\",\"publisher\":{\"@id\":\"https:\\\/\\\/vis-hoteli.hr\\\/#organization\"},\"potentialAction\":[{\"@type\":\"SearchAction\",\"target\":{\"@type\":\"EntryPoint\",\"urlTemplate\":\"https:\\\/\\\/vis-hoteli.hr\\\/?s={search_term_string}\"},\"query-input\":{\"@type\":\"PropertyValueSpecification\",\"valueRequired\":true,\"valueName\":\"search_term_string\"}}],\"inLanguage\":\"en-US\"},{\"@type\":\"Organization\",\"@id\":\"https:\\\/\\\/vis-hoteli.hr\\\/#organization\",\"name\":\"Hoteli Vis d.d. u ste\u010daju\",\"url\":\"https:\\\/\\\/vis-hoteli.hr\\\/\",\"logo\":{\"@type\":\"ImageObject\",\"inLanguage\":\"en-US\",\"@id\":\"https:\\\/\\\/vis-hoteli.hr\\\/#\\\/schema\\\/logo\\\/image\\\/\",\"url\":\"https:\\\/\\\/vis-hoteli.hr\\\/wp-content\\\/uploads\\\/2016\\\/11\\\/logotip.jpg\",\"contentUrl\":\"https:\\\/\\\/vis-hoteli.hr\\\/wp-content\\\/uploads\\\/2016\\\/11\\\/logotip.jpg\",\"width\":349,\"height\":568,\"caption\":\"Hoteli Vis d.d. u ste\u010daju\"},\"image\":{\"@id\":\"https:\\\/\\\/vis-hoteli.hr\\\/#\\\/schema\\\/logo\\\/image\\\/\"}}]}<\/script>\n<!-- \/ Yoast SEO plugin. -->","yoast_head_json":{"title":"Hoteli Vis - Hotel Tamaris","description":"Hotel Tamaris is located in the very center of the town of Vis, in a century-old stone building, and has been hosting tourists since 1972. It has 25 accommodation units.","robots":{"index":"index","follow":"follow","max-snippet":"max-snippet:-1","max-image-preview":"max-image-preview:large","max-video-preview":"max-video-preview:-1"},"canonical":"https:\/\/vis-hoteli.hr\/en\/hotel-tamaris\/","og_locale":"en_US","og_type":"article","og_title":"Hoteli Vis - Hotel Tamaris","og_description":"Hotel Tamaris is located in the very center of the town of Vis, in a century-old stone building, and has been hosting tourists since 1972. It has 25 accommodation units.","og_url":"https:\/\/vis-hoteli.hr\/en\/hotel-tamaris\/","og_site_name":"Hoteli Vis","article_modified_time":"2024-06-03T10:20:33+00:00","og_image":[{"width":1920,"height":1280,"url":"https:\/\/vis-hoteli.hr\/wp-content\/uploads\/2017\/04\/slide4.jpg","type":"image\/jpeg"}],"twitter_card":"summary_large_image","twitter_misc":{"Est. reading time":"3 minutes"},"schema":{"@context":"https:\/\/schema.org","@graph":[{"@type":"WebPage","@id":"https:\/\/vis-hoteli.hr\/en\/hotel-tamaris\/","url":"https:\/\/vis-hoteli.hr\/en\/hotel-tamaris\/","name":"Hoteli Vis - Hotel Tamaris","isPartOf":{"@id":"https:\/\/vis-hoteli.hr\/#website"},"primaryImageOfPage":{"@id":"https:\/\/vis-hoteli.hr\/en\/hotel-tamaris\/#primaryimage"},"image":{"@id":"https:\/\/vis-hoteli.hr\/en\/hotel-tamaris\/#primaryimage"},"thumbnailUrl":"https:\/\/vis-hoteli.hr\/wp-content\/uploads\/2017\/04\/slide4.jpg","datePublished":"2017-04-10T17:20:12+00:00","dateModified":"2024-06-03T10:20:33+00:00","description":"Hotel Tamaris is located in the very center of the town of Vis, in a century-old stone building, and has been hosting tourists since 1972. It has 25 accommodation units.","breadcrumb":{"@id":"https:\/\/vis-hoteli.hr\/en\/hotel-tamaris\/#breadcrumb"},"inLanguage":"en-US","potentialAction":[{"@type":"ReadAction","target":["https:\/\/vis-hoteli.hr\/en\/hotel-tamaris\/"]}]},{"@type":"ImageObject","inLanguage":"en-US","@id":"https:\/\/vis-hoteli.hr\/en\/hotel-tamaris\/#primaryimage","url":"https:\/\/vis-hoteli.hr\/wp-content\/uploads\/2017\/04\/slide4.jpg","contentUrl":"https:\/\/vis-hoteli.hr\/wp-content\/uploads\/2017\/04\/slide4.jpg","width":1920,"height":1280,"caption":"Hoteli Vis"},{"@type":"BreadcrumbList","@id":"https:\/\/vis-hoteli.hr\/en\/hotel-tamaris\/#breadcrumb","itemListElement":[{"@type":"ListItem","position":1,"name":"Home","item":"https:\/\/vis-hoteli.hr\/en\/"},{"@type":"ListItem","position":2,"name":"Hotel Tamaris"}]},{"@type":"WebSite","@id":"https:\/\/vis-hoteli.hr\/#website","url":"https:\/\/vis-hoteli.hr\/","name":"Hoteli Vis","description":"Hoteli na \u010darobnom Visu","publisher":{"@id":"https:\/\/vis-hoteli.hr\/#organization"},"potentialAction":[{"@type":"SearchAction","target":{"@type":"EntryPoint","urlTemplate":"https:\/\/vis-hoteli.hr\/?s={search_term_string}"},"query-input":{"@type":"PropertyValueSpecification","valueRequired":true,"valueName":"search_term_string"}}],"inLanguage":"en-US"},{"@type":"Organization","@id":"https:\/\/vis-hoteli.hr\/#organization","name":"Hoteli Vis d.d. u ste\u010daju","url":"https:\/\/vis-hoteli.hr\/","logo":{"@type":"ImageObject","inLanguage":"en-US","@id":"https:\/\/vis-hoteli.hr\/#\/schema\/logo\/image\/","url":"https:\/\/vis-hoteli.hr\/wp-content\/uploads\/2016\/11\/logotip.jpg","contentUrl":"https:\/\/vis-hoteli.hr\/wp-content\/uploads\/2016\/11\/logotip.jpg","width":349,"height":568,"caption":"Hoteli Vis d.d. u ste\u010daju"},"image":{"@id":"https:\/\/vis-hoteli.hr\/#\/schema\/logo\/image\/"}}]}},"_links":{"self":[{"href":"https:\/\/vis-hoteli.hr\/en\/wp-json\/wp\/v2\/pages\/1248","targetHints":{"allow":["GET"]}}],"collection":[{"href":"https:\/\/vis-hoteli.hr\/en\/wp-json\/wp\/v2\/pages"}],"about":[{"href":"https:\/\/vis-hoteli.hr\/en\/wp-json\/wp\/v2\/types\/page"}],"author":[{"embeddable":true,"href":"https:\/\/vis-hoteli.hr\/en\/wp-json\/wp\/v2\/users\/1"}],"replies":[{"embeddable":true,"href":"https:\/\/vis-hoteli.hr\/en\/wp-json\/wp\/v2\/comments?post=1248"}],"version-history":[{"count":7,"href":"https:\/\/vis-hoteli.hr\/en\/wp-json\/wp\/v2\/pages\/1248\/revisions"}],"predecessor-version":[{"id":2045,"href":"https:\/\/vis-hoteli.hr\/en\/wp-json\/wp\/v2\/pages\/1248\/revisions\/2045"}],"wp:featuredmedia":[{"embeddable":true,"href":"https:\/\/vis-hoteli.hr\/en\/wp-json\/wp\/v2\/media\/1338"}],"wp:attachment":[{"href":"https:\/\/vis-hoteli.hr\/en\/wp-json\/wp\/v2\/media?parent=1248"}],"curies":[{"name":"wp","href":"https:\/\/api.w.org\/{rel}","templated":true}]}}