{"id":1190,"date":"2017-06-02T14:25:52","date_gmt":"2017-06-02T12:25:52","guid":{"rendered":"http:\/\/vis-hoteli.hr\/wordpress\/?page_id=1190"},"modified":"2024-06-03T12:22:33","modified_gmt":"2024-06-03T10:22:33","slug":"impressum","status":"publish","type":"page","link":"https:\/\/vis-hoteli.hr\/en\/impressum\/","title":{"rendered":"Impressum"},"content":{"rendered":"<div class=\"wpb-content-wrapper\"><p>[vc_row][vc_column][vc_column_text]<\/p>\n<div style=\"text-align: center;\">\n<h3>VIS dioni\u010dko dru\u0161tvo za hotelijerstvo, ugostiteljstvo i turizam<\/h3>\n<h4>\u0160etali\u0161te Apolonija Zanelle 5, 21480 VIS<\/h4>\n<h4>Upisano u registar Trgova\u010dkog suda u Splitu pod MBS: 060014618<\/h4>\n<h4>Temeljni kapital 51.783.900,00 kn upla\u0107en u cijelosti.<\/h4>\n<h4>Ukupan broj izdanih dionica 517.839; 100,00 kn nominalni iznos dionice<\/h4>\n<h4>Odgovorna osoba: g. Edo Bogdanovi\u0107<\/h4>\n<h4>Ra\u010dun otvoren kod: Splitska banka d.d. OTP group HR0623300031153694121<\/h4>\n<h4>Mati\u010dni broj poslovnog subjekta: 3040062<\/h4>\n<h4>OIB: 55505367731<\/h4>\n<\/div>\n<p>[\/vc_column_text][vc_empty_space][\/vc_column][\/vc_row]<\/p>\n<\/div>","protected":false},"excerpt":{"rendered":"<p>[vc_row][vc_column][vc_column_text] VIS dioni\u010dko dru\u0161tvo za hotelijerstvo, ugostiteljstvo i turizam \u0160etali\u0161te Apolonija Zanelle 5, 21480 VIS Upisano u registar Trgova\u010dkog suda&#8230;<\/p>\n","protected":false},"author":1,"featured_media":1404,"parent":0,"menu_order":0,"comment_status":"closed","ping_status":"closed","template":"","meta":{"footnotes":""},"class_list":["post-1190","page","type-page","status-publish","has-post-thumbnail","hentry"],"yoast_head":"<!-- This site is optimized with the Yoast SEO plugin v27.3 - https:\/\/yoast.com\/product\/yoast-seo-wordpress\/ -->\n<title>Hoteli Vis - Impressum<\/title>\n<meta name=\"description\" content=\"VIS joint-stock company for hotels, catering and tourism\" \/>\n<meta name=\"robots\" content=\"index, follow, max-snippet:-1, max-image-preview:large, max-video-preview:-1\" \/>\n<link rel=\"canonical\" href=\"https:\/\/vis-hoteli.hr\/en\/impressum\/\" \/>\n<meta property=\"og:locale\" content=\"en_US\" \/>\n<meta property=\"og:type\" content=\"article\" \/>\n<meta property=\"og:title\" content=\"Hoteli Vis - Impressum\" \/>\n<meta property=\"og:description\" content=\"VIS joint-stock company for hotels, catering and tourism\" \/>\n<meta property=\"og:url\" content=\"https:\/\/vis-hoteli.hr\/en\/impressum\/\" \/>\n<meta property=\"og:site_name\" content=\"Hoteli Vis\" \/>\n<meta property=\"article:modified_time\" content=\"2024-06-03T10:22:33+00:00\" \/>\n<meta property=\"og:image\" content=\"https:\/\/vis-hoteli.hr\/wp-content\/uploads\/2017\/04\/hotel-issa21.jpg\" \/>\n\t<meta property=\"og:image:width\" content=\"1348\" \/>\n\t<meta property=\"og:image:height\" content=\"899\" \/>\n\t<meta property=\"og:image:type\" content=\"image\/jpeg\" \/>\n<meta name=\"twitter:card\" content=\"summary_large_image\" \/>\n<meta name=\"twitter:label1\" content=\"Est. reading time\" \/>\n\t<meta name=\"twitter:data1\" content=\"1 minute\" \/>\n<script type=\"application\/ld+json\" class=\"yoast-schema-graph\">{\"@context\":\"https:\\\/\\\/schema.org\",\"@graph\":[{\"@type\":\"WebPage\",\"@id\":\"https:\\\/\\\/vis-hoteli.hr\\\/en\\\/impressum\\\/\",\"url\":\"https:\\\/\\\/vis-hoteli.hr\\\/en\\\/impressum\\\/\",\"name\":\"Hoteli Vis - Impressum\",\"isPartOf\":{\"@id\":\"https:\\\/\\\/vis-hoteli.hr\\\/#website\"},\"primaryImageOfPage\":{\"@id\":\"https:\\\/\\\/vis-hoteli.hr\\\/en\\\/impressum\\\/#primaryimage\"},\"image\":{\"@id\":\"https:\\\/\\\/vis-hoteli.hr\\\/en\\\/impressum\\\/#primaryimage\"},\"thumbnailUrl\":\"https:\\\/\\\/vis-hoteli.hr\\\/wp-content\\\/uploads\\\/2017\\\/04\\\/hotel-issa21.jpg\",\"datePublished\":\"2017-06-02T12:25:52+00:00\",\"dateModified\":\"2024-06-03T10:22:33+00:00\",\"description\":\"VIS joint-stock company for hotels, catering and tourism\",\"breadcrumb\":{\"@id\":\"https:\\\/\\\/vis-hoteli.hr\\\/en\\\/impressum\\\/#breadcrumb\"},\"inLanguage\":\"en-US\",\"potentialAction\":[{\"@type\":\"ReadAction\",\"target\":[\"https:\\\/\\\/vis-hoteli.hr\\\/en\\\/impressum\\\/\"]}]},{\"@type\":\"ImageObject\",\"inLanguage\":\"en-US\",\"@id\":\"https:\\\/\\\/vis-hoteli.hr\\\/en\\\/impressum\\\/#primaryimage\",\"url\":\"https:\\\/\\\/vis-hoteli.hr\\\/wp-content\\\/uploads\\\/2017\\\/04\\\/hotel-issa21.jpg\",\"contentUrl\":\"https:\\\/\\\/vis-hoteli.hr\\\/wp-content\\\/uploads\\\/2017\\\/04\\\/hotel-issa21.jpg\",\"width\":1348,\"height\":899,\"caption\":\"Hoteli Vis\"},{\"@type\":\"BreadcrumbList\",\"@id\":\"https:\\\/\\\/vis-hoteli.hr\\\/en\\\/impressum\\\/#breadcrumb\",\"itemListElement\":[{\"@type\":\"ListItem\",\"position\":1,\"name\":\"Home\",\"item\":\"https:\\\/\\\/vis-hoteli.hr\\\/en\\\/\"},{\"@type\":\"ListItem\",\"position\":2,\"name\":\"Impressum\"}]},{\"@type\":\"WebSite\",\"@id\":\"https:\\\/\\\/vis-hoteli.hr\\\/#website\",\"url\":\"https:\\\/\\\/vis-hoteli.hr\\\/\",\"name\":\"Hoteli Vis\",\"description\":\"Hoteli na \u010darobnom Visu\",\"publisher\":{\"@id\":\"https:\\\/\\\/vis-hoteli.hr\\\/#organization\"},\"potentialAction\":[{\"@type\":\"SearchAction\",\"target\":{\"@type\":\"EntryPoint\",\"urlTemplate\":\"https:\\\/\\\/vis-hoteli.hr\\\/?s={search_term_string}\"},\"query-input\":{\"@type\":\"PropertyValueSpecification\",\"valueRequired\":true,\"valueName\":\"search_term_string\"}}],\"inLanguage\":\"en-US\"},{\"@type\":\"Organization\",\"@id\":\"https:\\\/\\\/vis-hoteli.hr\\\/#organization\",\"name\":\"Hoteli Vis d.d. u ste\u010daju\",\"url\":\"https:\\\/\\\/vis-hoteli.hr\\\/\",\"logo\":{\"@type\":\"ImageObject\",\"inLanguage\":\"en-US\",\"@id\":\"https:\\\/\\\/vis-hoteli.hr\\\/#\\\/schema\\\/logo\\\/image\\\/\",\"url\":\"https:\\\/\\\/vis-hoteli.hr\\\/wp-content\\\/uploads\\\/2016\\\/11\\\/logotip.jpg\",\"contentUrl\":\"https:\\\/\\\/vis-hoteli.hr\\\/wp-content\\\/uploads\\\/2016\\\/11\\\/logotip.jpg\",\"width\":349,\"height\":568,\"caption\":\"Hoteli Vis d.d. u ste\u010daju\"},\"image\":{\"@id\":\"https:\\\/\\\/vis-hoteli.hr\\\/#\\\/schema\\\/logo\\\/image\\\/\"}}]}<\/script>\n<!-- \/ Yoast SEO plugin. -->","yoast_head_json":{"title":"Hoteli Vis - Impressum","description":"VIS joint-stock company for hotels, catering and tourism","robots":{"index":"index","follow":"follow","max-snippet":"max-snippet:-1","max-image-preview":"max-image-preview:large","max-video-preview":"max-video-preview:-1"},"canonical":"https:\/\/vis-hoteli.hr\/en\/impressum\/","og_locale":"en_US","og_type":"article","og_title":"Hoteli Vis - Impressum","og_description":"VIS joint-stock company for hotels, catering and tourism","og_url":"https:\/\/vis-hoteli.hr\/en\/impressum\/","og_site_name":"Hoteli Vis","article_modified_time":"2024-06-03T10:22:33+00:00","og_image":[{"width":1348,"height":899,"url":"https:\/\/vis-hoteli.hr\/wp-content\/uploads\/2017\/04\/hotel-issa21.jpg","type":"image\/jpeg"}],"twitter_card":"summary_large_image","twitter_misc":{"Est. reading time":"1 minute"},"schema":{"@context":"https:\/\/schema.org","@graph":[{"@type":"WebPage","@id":"https:\/\/vis-hoteli.hr\/en\/impressum\/","url":"https:\/\/vis-hoteli.hr\/en\/impressum\/","name":"Hoteli Vis - Impressum","isPartOf":{"@id":"https:\/\/vis-hoteli.hr\/#website"},"primaryImageOfPage":{"@id":"https:\/\/vis-hoteli.hr\/en\/impressum\/#primaryimage"},"image":{"@id":"https:\/\/vis-hoteli.hr\/en\/impressum\/#primaryimage"},"thumbnailUrl":"https:\/\/vis-hoteli.hr\/wp-content\/uploads\/2017\/04\/hotel-issa21.jpg","datePublished":"2017-06-02T12:25:52+00:00","dateModified":"2024-06-03T10:22:33+00:00","description":"VIS joint-stock company for hotels, catering and tourism","breadcrumb":{"@id":"https:\/\/vis-hoteli.hr\/en\/impressum\/#breadcrumb"},"inLanguage":"en-US","potentialAction":[{"@type":"ReadAction","target":["https:\/\/vis-hoteli.hr\/en\/impressum\/"]}]},{"@type":"ImageObject","inLanguage":"en-US","@id":"https:\/\/vis-hoteli.hr\/en\/impressum\/#primaryimage","url":"https:\/\/vis-hoteli.hr\/wp-content\/uploads\/2017\/04\/hotel-issa21.jpg","contentUrl":"https:\/\/vis-hoteli.hr\/wp-content\/uploads\/2017\/04\/hotel-issa21.jpg","width":1348,"height":899,"caption":"Hoteli Vis"},{"@type":"BreadcrumbList","@id":"https:\/\/vis-hoteli.hr\/en\/impressum\/#breadcrumb","itemListElement":[{"@type":"ListItem","position":1,"name":"Home","item":"https:\/\/vis-hoteli.hr\/en\/"},{"@type":"ListItem","position":2,"name":"Impressum"}]},{"@type":"WebSite","@id":"https:\/\/vis-hoteli.hr\/#website","url":"https:\/\/vis-hoteli.hr\/","name":"Hoteli Vis","description":"Hoteli na \u010darobnom Visu","publisher":{"@id":"https:\/\/vis-hoteli.hr\/#organization"},"potentialAction":[{"@type":"SearchAction","target":{"@type":"EntryPoint","urlTemplate":"https:\/\/vis-hoteli.hr\/?s={search_term_string}"},"query-input":{"@type":"PropertyValueSpecification","valueRequired":true,"valueName":"search_term_string"}}],"inLanguage":"en-US"},{"@type":"Organization","@id":"https:\/\/vis-hoteli.hr\/#organization","name":"Hoteli Vis d.d. u ste\u010daju","url":"https:\/\/vis-hoteli.hr\/","logo":{"@type":"ImageObject","inLanguage":"en-US","@id":"https:\/\/vis-hoteli.hr\/#\/schema\/logo\/image\/","url":"https:\/\/vis-hoteli.hr\/wp-content\/uploads\/2016\/11\/logotip.jpg","contentUrl":"https:\/\/vis-hoteli.hr\/wp-content\/uploads\/2016\/11\/logotip.jpg","width":349,"height":568,"caption":"Hoteli Vis d.d. u ste\u010daju"},"image":{"@id":"https:\/\/vis-hoteli.hr\/#\/schema\/logo\/image\/"}}]}},"_links":{"self":[{"href":"https:\/\/vis-hoteli.hr\/en\/wp-json\/wp\/v2\/pages\/1190","targetHints":{"allow":["GET"]}}],"collection":[{"href":"https:\/\/vis-hoteli.hr\/en\/wp-json\/wp\/v2\/pages"}],"about":[{"href":"https:\/\/vis-hoteli.hr\/en\/wp-json\/wp\/v2\/types\/page"}],"author":[{"embeddable":true,"href":"https:\/\/vis-hoteli.hr\/en\/wp-json\/wp\/v2\/users\/1"}],"replies":[{"embeddable":true,"href":"https:\/\/vis-hoteli.hr\/en\/wp-json\/wp\/v2\/comments?post=1190"}],"version-history":[{"count":7,"href":"https:\/\/vis-hoteli.hr\/en\/wp-json\/wp\/v2\/pages\/1190\/revisions"}],"predecessor-version":[{"id":1888,"href":"https:\/\/vis-hoteli.hr\/en\/wp-json\/wp\/v2\/pages\/1190\/revisions\/1888"}],"wp:featuredmedia":[{"embeddable":true,"href":"https:\/\/vis-hoteli.hr\/en\/wp-json\/wp\/v2\/media\/1404"}],"wp:attachment":[{"href":"https:\/\/vis-hoteli.hr\/en\/wp-json\/wp\/v2\/media?parent=1190"}],"curies":[{"name":"wp","href":"https:\/\/api.w.org\/{rel}","templated":true}]}}